{"id":3744,"date":"2019-07-03T12:07:31","date_gmt":"2019-07-03T10:07:31","guid":{"rendered":"https:\/\/www.pulledraia.it\/produzieren.html"},"modified":"2023-09-15T16:39:17","modified_gmt":"2023-09-15T14:39:17","slug":"produzieren","status":"publish","type":"page","link":"https:\/\/www.pulledraia.it\/de\/produzieren\/","title":{"rendered":"Produzieren"},"content":{"rendered":"<p>[vc_row hide_bg_image_on_tablet=&#8221;&#8221; hide_bg_image_on_mobile=&#8221;&#8221;][vc_column][vc_column_text]Ein Aufenthalt in La Pulledraia sein will eine R\u00fcckkehr zu den Rhythmen und Geschmacksrichtungen von einer alten Zeit fast verschwunden, wenn Familien gesammelt f\u00fcr eine Party im Haus ihrer Gro\u00dfeltern. Aber es war nicht Partei ohne lunch party, bis von Ger\u00fcchen und Aromen hergestellt offen. Gem\u00fcse, Fleisch, So\u00dfen, S\u00fc\u00dfigkeiten, alles mit seinem Geschmack und Geruch. Aus all dem haben wir noch zu tun.<br \/>\nWir tun dies zuerst f\u00fcr unsere Familie jedes Jahr ist immer damit besch\u00e4ftigt, erhalten im Laufe des Jahres verbraucht werden: Oliven\u00f6l, Wein, Marmelade, Honig, Tomaten, Gurken. Wir tun dies freiwillig oder auch f\u00fcr diejenigen, die zur\u00fcck kommen, um uns zu besuchen. Die \u201c\u00fcben wir den \u00f6kologischen Landbau in 10 Hektar wachsen wir bedeutet, dass keine chemischen D\u00fcngemittel und Herbizide, sondern auch die Wahl der am besten geeigneten Anbautechniken (Fruchtfolge, organische D\u00fcngung, Anbau von drei Jahren von Luzerne \u2013 zu organischen Stickstoff in den Boden geben ) und Samen, die die besten organoleptischen Qualit\u00e4ten haben und werden am besten in unser Land geeignet.<\/p>\n<p>&nbsp;[\/vc_column_text][\/vc_column][\/vc_row][vc_row][vc_column width=&#8221;1\/3&#8243;][vc_single_image image=&#8221;1568&#8243; img_size=&#8221;&#8221; alignment=&#8221;center&#8221; onclick=&#8221;custom_link&#8221; link=&#8221;https:\/\/www.pulledraia.it\/prodotti\/animali\/&#8221;][vc_column_text]<\/p>\n<h6 style=\"text-align: center;\"><a href=\"https:\/\/www.pulledraia.it\/prodotti\/animali\/\">Unser Fleisch<\/a><\/h6>\n<p>[\/vc_column_text][\/vc_column][vc_column width=&#8221;1\/3&#8243;][vc_single_image image=&#8221;1576&#8243; img_size=&#8221;&#8221; alignment=&#8221;center&#8221; onclick=&#8221;custom_link&#8221; link=&#8221;https:\/\/www.pulledraia.it\/prodotti\/vino-e-liquori\/&#8221;][vc_column_text]<\/p>\n<h6 style=\"text-align: center;\"><a href=\"https:\/\/www.pulledraia.it\/prodotti\/vino-e-liquori\/\">Wein und Lik\u00f6rs<\/a><\/h6>\n<p>[\/vc_column_text][\/vc_column][vc_column width=&#8221;1\/3&#8243;][vc_single_image image=&#8221;1572&#8243; img_size=&#8221;&#8221; alignment=&#8221;center&#8221; onclick=&#8221;custom_link&#8221; link=&#8221;https:\/\/www.pulledraia.it\/prodotti\/frutta-verdura\/&#8221;][vc_column_text]<\/p>\n<h6 style=\"text-align: center;\"><a href=\"https:\/\/www.pulledraia.it\/prodotti\/frutta-verdura\/\">Obst und Gem\u00fcse<\/a><\/h6>\n<p>[\/vc_column_text][\/vc_column][\/vc_row]<\/p>\n","protected":false},"excerpt":{"rendered":"<p>[vc_row hide_bg_image_on_tablet=&#8221;&#8221; hide_bg_image_on_mobile=&#8221;&#8221;][vc_column][vc_column_text]Ein Aufenthalt in La Pulledraia sein will eine R\u00fcckkehr zu den Rhythmen und Geschmacksrichtungen von einer alten Zeit fast verschwunden, wenn Familien gesammelt f\u00fcr eine Party im Haus&hellip;<\/p>\n","protected":false},"author":1,"featured_media":1235,"parent":0,"menu_order":0,"comment_status":"closed","ping_status":"closed","template":"","meta":{"ngg_post_thumbnail":0,"footnotes":""},"categories":[],"tags":[],"class_list":["post-3744","page","type-page","status-publish","has-post-thumbnail","hentry"],"_links":{"self":[{"href":"https:\/\/www.pulledraia.it\/de\/wp-json\/wp\/v2\/pages\/3744\/"}],"collection":[{"href":"https:\/\/www.pulledraia.it\/de\/wp-json\/wp\/v2\/pages\/"}],"about":[{"href":"https:\/\/www.pulledraia.it\/de\/wp-json\/wp\/v2\/types\/page\/"}],"author":[{"embeddable":true,"href":"https:\/\/www.pulledraia.it\/de\/wp-json\/wp\/v2\/users\/1\/"}],"replies":[{"embeddable":true,"href":"https:\/\/www.pulledraia.it\/de\/wp-json\/wp\/v2\/comments\/?post=3744"}],"version-history":[{"count":5,"href":"https:\/\/www.pulledraia.it\/de\/wp-json\/wp\/v2\/pages\/3744\/revisions\/"}],"predecessor-version":[{"id":4187,"href":"https:\/\/www.pulledraia.it\/de\/wp-json\/wp\/v2\/pages\/3744\/revisions\/4187\/"}],"wp:featuredmedia":[{"embeddable":true,"href":"https:\/\/www.pulledraia.it\/de\/wp-json\/wp\/v2\/media\/1235\/"}],"wp:attachment":[{"href":"https:\/\/www.pulledraia.it\/de\/wp-json\/wp\/v2\/media\/?parent=3744"}],"wp:term":[{"taxonomy":"category","embeddable":true,"href":"https:\/\/www.pulledraia.it\/de\/wp-json\/wp\/v2\/categories\/?post=3744"},{"taxonomy":"post_tag","embeddable":true,"href":"https:\/\/www.pulledraia.it\/de\/wp-json\/wp\/v2\/tags\/?post=3744"}],"curies":[{"name":"wp","href":"https:\/\/api.w.org\/{rel}","templated":true}]}}