{"id":3800,"date":"2019-07-08T10:39:39","date_gmt":"2019-07-08T08:39:39","guid":{"rendered":"https:\/\/www.pulledraia.it\/verkostungen-der-im-park-erzeugten-produkte\/"},"modified":"2019-07-08T10:40:41","modified_gmt":"2019-07-08T08:40:41","slug":"verkostungen-der-im-park-erzeugten-produkte","status":"publish","type":"page","link":"https:\/\/www.pulledraia.it\/de\/verkostungen-der-im-park-erzeugten-produkte\/","title":{"rendered":"Verkostungen Der Im Park Erzeugten Produkte"},"content":{"rendered":"<p>[vc_row hide_bg_image_on_tablet=&#8221;&#8221; hide_bg_image_on_mobile=&#8221;&#8221;][vc_column width=&#8221;1\/3&#8243;][vc_single_image image=&#8221;2597&#8243; img_size=&#8221;300&#215;205&#8243; onclick=&#8221;link_image&#8221;][\/vc_column][vc_column width=&#8221;2\/3&#8243;][vc_column_text]Die faszinierende Landschaft des Parks ist auch Anbaugebiet und Lebensraum zahlreicher Landwirte und Hersteller von k\u00f6stlichen Produkten. Ob Wurst oder K\u00e4se, Wein oder natives Oliven\u00f6l, Konfit\u00fcren, Konserven, Honig oder Bier, hier haben Sie wirklich die Qual der Wahl. Nachdem Sie Ihr Auge und Ihren Geruchssinn mit den vielen Sehensw\u00fcrdigkeiten und Ger\u00fcchen des Parks ges\u00e4ttigt haben, kommen Sie nat\u00fcrlich nicht umhin, auch Ihre Geschmacksknospen mit den unverf\u00e4lschten und naturreinen Gen\u00fcssen dieses Landes zu befriedigen. F\u00fcr unsere G\u00e4ste sind die Verkostungen kostenlos.[\/vc_column_text][\/vc_column][\/vc_row][vc_row][vc_column][vc_custom_heading text=&#8221;\u00c4hnlich dazu&#8221; font_container=&#8221;tag:h5|text_align:center&#8221;][vc_basic_grid post_type=&#8221;page&#8221; max_items=&#8221;6&#8243; element_width=&#8221;2&#8243; item=&#8221;basicGrid_SlideBottomWithIcon&#8221; grid_id=&#8221;vc_gid:1558602657623-b4a35b90-eea2-9&#8243; taxonomies=&#8221;56&#8243;][\/vc_column][\/vc_row]<\/p>\n","protected":false},"excerpt":{"rendered":"<p>[vc_row hide_bg_image_on_tablet=&#8221;&#8221; hide_bg_image_on_mobile=&#8221;&#8221;][vc_column width=&#8221;1\/3&#8243;][vc_single_image image=&#8221;2597&#8243; img_size=&#8221;300&#215;205&#8243; onclick=&#8221;link_image&#8221;][\/vc_column][vc_column width=&#8221;2\/3&#8243;][vc_column_text]Die faszinierende Landschaft des Parks ist auch Anbaugebiet und Lebensraum zahlreicher Landwirte und Hersteller von k\u00f6stlichen Produkten. Ob Wurst oder K\u00e4se, Wein oder&hellip;<\/p>\n","protected":false},"author":1,"featured_media":2580,"parent":0,"menu_order":0,"comment_status":"closed","ping_status":"closed","template":"","meta":{"ngg_post_thumbnail":0,"footnotes":""},"categories":[96],"tags":[],"class_list":["post-3800","page","type-page","status-publish","has-post-thumbnail","hentry","category-aktivitat"],"_links":{"self":[{"href":"https:\/\/www.pulledraia.it\/de\/wp-json\/wp\/v2\/pages\/3800\/"}],"collection":[{"href":"https:\/\/www.pulledraia.it\/de\/wp-json\/wp\/v2\/pages\/"}],"about":[{"href":"https:\/\/www.pulledraia.it\/de\/wp-json\/wp\/v2\/types\/page\/"}],"author":[{"embeddable":true,"href":"https:\/\/www.pulledraia.it\/de\/wp-json\/wp\/v2\/users\/1\/"}],"replies":[{"embeddable":true,"href":"https:\/\/www.pulledraia.it\/de\/wp-json\/wp\/v2\/comments\/?post=3800"}],"version-history":[{"count":2,"href":"https:\/\/www.pulledraia.it\/de\/wp-json\/wp\/v2\/pages\/3800\/revisions\/"}],"predecessor-version":[{"id":3802,"href":"https:\/\/www.pulledraia.it\/de\/wp-json\/wp\/v2\/pages\/3800\/revisions\/3802\/"}],"wp:featuredmedia":[{"embeddable":true,"href":"https:\/\/www.pulledraia.it\/de\/wp-json\/wp\/v2\/media\/2580\/"}],"wp:attachment":[{"href":"https:\/\/www.pulledraia.it\/de\/wp-json\/wp\/v2\/media\/?parent=3800"}],"wp:term":[{"taxonomy":"category","embeddable":true,"href":"https:\/\/www.pulledraia.it\/de\/wp-json\/wp\/v2\/categories\/?post=3800"},{"taxonomy":"post_tag","embeddable":true,"href":"https:\/\/www.pulledraia.it\/de\/wp-json\/wp\/v2\/tags\/?post=3800"}],"curies":[{"name":"wp","href":"https:\/\/api.w.org\/{rel}","templated":true}]}}