{"id":3839,"date":"2019-07-08T15:31:37","date_gmt":"2019-07-08T13:31:37","guid":{"rendered":"https:\/\/www.pulledraia.it\/butteri\/"},"modified":"2019-07-08T16:27:44","modified_gmt":"2019-07-08T14:27:44","slug":"butteri","status":"publish","type":"page","link":"https:\/\/www.pulledraia.it\/de\/butteri\/","title":{"rendered":"Butteri"},"content":{"rendered":"<p>[vc_row hide_bg_image_on_tablet=&#8221;&#8221; hide_bg_image_on_mobile=&#8221;&#8221;][vc_column][vc_tta_tabs style=&#8221;modern&#8221; shape=&#8221;square&#8221; color=&#8221;white&#8221; active_section=&#8221;1&#8243;][vc_tta_section title=&#8221;Informationen&#8221; tab_id=&#8221;1558429399545-5f72db18-c3ce&#8221;][vc_column_text]Diese Zimmer sind teils in der urspr\u00fcnglichen Struktur des Landgutes, teils in einem erst k\u00fcrzlich gebauten Geb\u00e4udetrakt, der auf die H\u00fcgel der \u201cUccellina\u201d (Naturpark der Maremma) blickt, untergebracht. Diese Zimmer sind zwischen 18 und 20 m2 gro\u00df und erm\u00f6glichen das Hinzuf\u00fcgen von maximal 1 Zusatzbett. Alle Zimmer haben einen eigenen, von anderen G\u00e4sten unabh\u00e4ngigen Eingang, Toilette und Bad sowie Klimaanlage.[\/vc_column_text][\/vc_tta_section][vc_tta_section title=&#8221;Grundriss&#8221; tab_id=&#8221;1558429399636-e95d5e38-a5e6&#8243;][vc_single_image image=&#8221;1909&#8243; img_size=&#8221;full&#8221;][\/vc_tta_section][\/vc_tta_tabs][\/vc_column][\/vc_row][vc_row][vc_column width=&#8221;1\/3&#8243;][vc_single_image image=&#8221;1889&#8243; img_size=&#8221;300&#215;205&#8243; alignment=&#8221;center&#8221; onclick=&#8221;link_image&#8221;][\/vc_column][vc_column width=&#8221;1\/3&#8243;][vc_single_image image=&#8221;1893&#8243; img_size=&#8221;300&#215;205&#8243; alignment=&#8221;center&#8221; onclick=&#8221;link_image&#8221;][\/vc_column][vc_column width=&#8221;1\/3&#8243;][vc_single_image image=&#8221;1897&#8243; img_size=&#8221;300&#215;205&#8243; alignment=&#8221;center&#8221; onclick=&#8221;link_image&#8221;][\/vc_column][\/vc_row][vc_row css=&#8221;.vc_custom_1558430442357{margin-top: 20px !important;}&#8221;][vc_column width=&#8221;1\/3&#8243;][vc_single_image image=&#8221;1901&#8243; img_size=&#8221;300&#215;205&#8243; alignment=&#8221;center&#8221; onclick=&#8221;link_image&#8221;][\/vc_column][vc_column width=&#8221;1\/3&#8243;][vc_single_image image=&#8221;1905&#8243; img_size=&#8221;300&#215;205&#8243; alignment=&#8221;center&#8221; onclick=&#8221;link_image&#8221;][\/vc_column][vc_column width=&#8221;1\/3&#8243;][\/vc_column][\/vc_row][vc_row][vc_column][vc_custom_heading text=&#8221;\u00c4hnlich dazu&#8221; font_container=&#8221;tag:h5|text_align:center&#8221;][vc_basic_grid post_type=&#8221;page&#8221; max_items=&#8221;6&#8243; element_width=&#8221;2&#8243; item=&#8221;basicGrid_SlideBottomWithIcon&#8221; grid_id=&#8221;vc_gid:1562592738985-52bb01cc-763c-3&#8243; taxonomies=&#8221;97&#8243;][\/vc_column][\/vc_row]<\/p>\n","protected":false},"excerpt":{"rendered":"<p>[vc_row hide_bg_image_on_tablet=&#8221;&#8221; hide_bg_image_on_mobile=&#8221;&#8221;][vc_column][vc_tta_tabs style=&#8221;modern&#8221; shape=&#8221;square&#8221; color=&#8221;white&#8221; active_section=&#8221;1&#8243;][vc_tta_section title=&#8221;Informationen&#8221; tab_id=&#8221;1558429399545-5f72db18-c3ce&#8221;][vc_column_text]Diese Zimmer sind teils in der urspr\u00fcnglichen Struktur des Landgutes, teils in einem erst k\u00fcrzlich gebauten Geb\u00e4udetrakt, der auf die H\u00fcgel der&hellip;<\/p>\n","protected":false},"author":1,"featured_media":1897,"parent":0,"menu_order":0,"comment_status":"closed","ping_status":"closed","template":"","meta":{"ngg_post_thumbnail":0,"footnotes":""},"categories":[97],"tags":[],"class_list":["post-3839","page","type-page","status-publish","has-post-thumbnail","hentry","category-zimmer"],"_links":{"self":[{"href":"https:\/\/www.pulledraia.it\/de\/wp-json\/wp\/v2\/pages\/3839\/"}],"collection":[{"href":"https:\/\/www.pulledraia.it\/de\/wp-json\/wp\/v2\/pages\/"}],"about":[{"href":"https:\/\/www.pulledraia.it\/de\/wp-json\/wp\/v2\/types\/page\/"}],"author":[{"embeddable":true,"href":"https:\/\/www.pulledraia.it\/de\/wp-json\/wp\/v2\/users\/1\/"}],"replies":[{"embeddable":true,"href":"https:\/\/www.pulledraia.it\/de\/wp-json\/wp\/v2\/comments\/?post=3839"}],"version-history":[{"count":3,"href":"https:\/\/www.pulledraia.it\/de\/wp-json\/wp\/v2\/pages\/3839\/revisions\/"}],"predecessor-version":[{"id":3842,"href":"https:\/\/www.pulledraia.it\/de\/wp-json\/wp\/v2\/pages\/3839\/revisions\/3842\/"}],"wp:featuredmedia":[{"embeddable":true,"href":"https:\/\/www.pulledraia.it\/de\/wp-json\/wp\/v2\/media\/1897\/"}],"wp:attachment":[{"href":"https:\/\/www.pulledraia.it\/de\/wp-json\/wp\/v2\/media\/?parent=3839"}],"wp:term":[{"taxonomy":"category","embeddable":true,"href":"https:\/\/www.pulledraia.it\/de\/wp-json\/wp\/v2\/categories\/?post=3839"},{"taxonomy":"post_tag","embeddable":true,"href":"https:\/\/www.pulledraia.it\/de\/wp-json\/wp\/v2\/tags\/?post=3839"}],"curies":[{"name":"wp","href":"https:\/\/api.w.org\/{rel}","templated":true}]}}