{"id":3875,"date":"2019-07-08T16:00:17","date_gmt":"2019-07-08T14:00:17","guid":{"rendered":"https:\/\/www.pulledraia.it\/pitigliano\/"},"modified":"2019-07-08T16:01:31","modified_gmt":"2019-07-08T14:01:31","slug":"pitigliano","status":"publish","type":"page","link":"https:\/\/www.pulledraia.it\/de\/pitigliano\/","title":{"rendered":"Pitigliano"},"content":{"rendered":"<p>[vc_row hide_bg_image_on_tablet=&#8221;&#8221; hide_bg_image_on_mobile=&#8221;&#8221;][vc_column][vc_tta_tabs style=&#8221;modern&#8221; shape=&#8221;square&#8221; color=&#8221;white&#8221; active_section=&#8221;1&#8243;][vc_tta_section title=&#8221;Informationen&#8221; tab_id=&#8221;1558429399545-5f72db18-c3ce&#8221;][vc_column_text]Diese Zimmer liegen in der urspr\u00fcnglichen Struktur des Landguts und sind in den einst als St\u00e4llen dienenden R\u00e4umen, die heute dem Zweck entsprechend vollkommen renoviert und umgebaut worden sind, untergebracht. Sie sind etwa 22 m2 gro\u00df und erm\u00f6glichen das Hinzuf\u00fcgen von bis zu zwei Zusatzbetten, was ideal f\u00fcr Familien mit 2 Kindern ist. Alle Zimmer haben einen eigenen, von den anderen G\u00e4sten unabh\u00e4ngigen Eingang, Toilette und Bad sowie Klimaanlage.[\/vc_column_text][\/vc_tta_section][vc_tta_section title=&#8221;Grundriss&#8221; tab_id=&#8221;1558429399636-e95d5e38-a5e6&#8243;][vc_single_image image=&#8221;2211&#8243; img_size=&#8221;full&#8221;][\/vc_tta_section][\/vc_tta_tabs][\/vc_column][\/vc_row][vc_row][vc_column width=&#8221;1\/3&#8243;][vc_single_image image=&#8221;2219&#8243; img_size=&#8221;300&#215;205&#8243; alignment=&#8221;center&#8221; onclick=&#8221;link_image&#8221;][\/vc_column][vc_column width=&#8221;1\/3&#8243;][vc_single_image image=&#8221;2223&#8243; img_size=&#8221;300&#215;205&#8243; alignment=&#8221;center&#8221; onclick=&#8221;link_image&#8221;][\/vc_column][vc_column width=&#8221;1\/3&#8243;][vc_single_image image=&#8221;2215&#8243; img_size=&#8221;300&#215;205&#8243; alignment=&#8221;center&#8221; onclick=&#8221;link_image&#8221;][\/vc_column][\/vc_row][vc_row][vc_column][vc_custom_heading text=&#8221;\u00c4hnlich dazu&#8221; font_container=&#8221;tag:h5|text_align:center&#8221;][vc_basic_grid post_type=&#8221;page&#8221; max_items=&#8221;6&#8243; element_width=&#8221;2&#8243; item=&#8221;basicGrid_SlideBottomWithIcon&#8221; grid_id=&#8221;vc_gid:1562594461534-17ea2524-b262-3&#8243; taxonomies=&#8221;98&#8243;][\/vc_column][\/vc_row]<\/p>\n","protected":false},"excerpt":{"rendered":"<p>[vc_row hide_bg_image_on_tablet=&#8221;&#8221; hide_bg_image_on_mobile=&#8221;&#8221;][vc_column][vc_tta_tabs style=&#8221;modern&#8221; shape=&#8221;square&#8221; color=&#8221;white&#8221; active_section=&#8221;1&#8243;][vc_tta_section title=&#8221;Informationen&#8221; tab_id=&#8221;1558429399545-5f72db18-c3ce&#8221;][vc_column_text]Diese Zimmer liegen in der urspr\u00fcnglichen Struktur des Landguts und sind in den einst als St\u00e4llen dienenden R\u00e4umen, die heute dem Zweck&hellip;<\/p>\n","protected":false},"author":1,"featured_media":2223,"parent":0,"menu_order":0,"comment_status":"closed","ping_status":"closed","template":"","meta":{"ngg_post_thumbnail":0,"footnotes":""},"categories":[98],"tags":[],"class_list":["post-3875","page","type-page","status-publish","has-post-thumbnail","hentry","category-zimmer2"],"_links":{"self":[{"href":"https:\/\/www.pulledraia.it\/de\/wp-json\/wp\/v2\/pages\/3875\/"}],"collection":[{"href":"https:\/\/www.pulledraia.it\/de\/wp-json\/wp\/v2\/pages\/"}],"about":[{"href":"https:\/\/www.pulledraia.it\/de\/wp-json\/wp\/v2\/types\/page\/"}],"author":[{"embeddable":true,"href":"https:\/\/www.pulledraia.it\/de\/wp-json\/wp\/v2\/users\/1\/"}],"replies":[{"embeddable":true,"href":"https:\/\/www.pulledraia.it\/de\/wp-json\/wp\/v2\/comments\/?post=3875"}],"version-history":[{"count":3,"href":"https:\/\/www.pulledraia.it\/de\/wp-json\/wp\/v2\/pages\/3875\/revisions\/"}],"predecessor-version":[{"id":3878,"href":"https:\/\/www.pulledraia.it\/de\/wp-json\/wp\/v2\/pages\/3875\/revisions\/3878\/"}],"wp:featuredmedia":[{"embeddable":true,"href":"https:\/\/www.pulledraia.it\/de\/wp-json\/wp\/v2\/media\/2223\/"}],"wp:attachment":[{"href":"https:\/\/www.pulledraia.it\/de\/wp-json\/wp\/v2\/media\/?parent=3875"}],"wp:term":[{"taxonomy":"category","embeddable":true,"href":"https:\/\/www.pulledraia.it\/de\/wp-json\/wp\/v2\/categories\/?post=3875"},{"taxonomy":"post_tag","embeddable":true,"href":"https:\/\/www.pulledraia.it\/de\/wp-json\/wp\/v2\/tags\/?post=3875"}],"curies":[{"name":"wp","href":"https:\/\/api.w.org\/{rel}","templated":true}]}}