{"id":3535,"date":"2019-06-26T15:52:20","date_gmt":"2019-06-26T13:52:20","guid":{"rendered":"https:\/\/www.pulledraia.it\/promotion-du-ferme\/"},"modified":"2023-06-08T13:18:21","modified_gmt":"2023-06-08T11:18:21","slug":"offres-des-vacances-en-toscane","status":"publish","type":"page","link":"https:\/\/www.pulledraia.it\/fr\/offres-des-vacances-en-toscane\/","title":{"rendered":"Promotion du Ferme"},"content":{"rendered":"<p>[vc_row hide_bg_image_on_tablet=&#8221;&#8221; hide_bg_image_on_mobile=&#8221;&#8221;][vc_column][vc_column_text]<strong>Prends une pause\u2026 et viens nous voir dans le Parc de la Maremme.<\/strong><br \/>\nTu retourneras \u00e0 la maison plus remont\u00e9 et serein, plus vital et souriant.<br \/>\nOffre sp\u00e9ciale \u00e0 ne pas perdre pour des r\u00e9servations effectu\u00e9es au moins 2 mois \u00e0 l\u2019avance sur des s\u00e9jours en demi-pension pour un minimum de nuits d\u00e9cid\u00e9 \u00e0 l\u2019avance du 1\u00b0 mars au 9 juillet et du 8 septembre au 30 octobre. Lisez bien et r\u00e9servez tout de suite!<br \/>\nPrenez une pause, m\u00eame seulement pour un week end, et venez nous voir dans le splendide d\u00e9cor de la Maremme, immerg\u00e9s entre les oliviers et les vignobles, \u00e0 deux pas des plus belles plages de la c\u00f4te toscane. Retrouvez le sens du temps, le go\u00fbt pour les vraies saveurs et le contact avec la nature. Relaxez-vous avec les promenades dans le parc, les escursions \u00e0 cheval avec les Mandrians, les promenades en bicyclette jusqu\u2019\u00e0 la plage de Marine d\u2019Alberese, les excursions \u00e0 l\u2019Argentario, aux \u00eeles de l\u2019archipel toscan, aux thermes de Saturnia, aux caves du Morellino de Scansano. Et au retour, apr\u00e8s un bain dans la piscine en contemplant les collines du Parc, vous trouverez \u00e0 vous attendre le pain fait maison, la cuisine bourgeoise avec des ingr\u00e9dients biologiques de notre production, le vin bon et naturel, le fait de savoir d\u00eener tous ensembles, de converser sous les \u00e9toiles. Vous retournerez chez vous plus remont\u00e9s et sereins, plus vitaux et souriants.<\/p>\n<p><strong>Offres valables pour toutes les p\u00e9riodes si se renouv\u00e8lent les conditions ci-dessous d\u00e9finies et si on r\u00e9serve au moins 60 jours avant le d\u00e9but du s\u00e9jour:<\/strong><\/p>\n<p><strong>OFFRE DE MARS ET D\u2019AVRIL<\/strong><br \/>\nS\u00e9jour en Avril pour un <strong>minimum de 3 nuits en demi-pension<\/strong><\/p>\n<p>Demandez-nous notre offre !<\/p>\n<p><strong>OFFRE DE MAI<\/strong><br \/>\nS\u00e9jour en Mai pour un <strong>minimum de 3 nuits en demi-pension.<\/strong><br \/>\nDemandez-nous notre offre !<\/p>\n<p><strong>OFFRE DE JUIN<\/strong><br \/>\nS\u00e9jour en Juin pour un <strong>minimum de 5 nuits en demi-pension.<\/strong><br \/>\nDemandez-nous notre offre !<\/p>\n<p><strong>OFFRE DE JUILLET<\/strong><br \/>\nS\u00e9jour en Juillet pour un <strong>minimum de 7 nuits de samedi \u00e0 samedi en demi-pension.<\/strong><br \/>\nDemandez-nous notre offre !<\/p>\n<p><strong>OFFRE DE SEPTEMBRE<\/strong><br \/>\nS\u00e9jour en Septembre pour un <strong>minimum de 7 nuits de samedi \u00e0 samedi en demi-pension.<\/strong><br \/>\nDemandez-nous notre offre !<\/p>\n<p>Pour toutes les offres, l\u2019utilisation de la piscine (\u00e0 partir de juin) est comprise. Au moment de la r\u00e9servation, il est possible d\u2019organiser des excursions \u00e0 cheval, des excursions en quad, et des tours \u00e9nogastronomiques avec des visites aux caves et aux fromageries de qualit\u00e9. Si vous avez une famille avec 1 ou 2 enfants au maximum, demandez-nous notre offre.[\/vc_column_text][\/vc_column][\/vc_row]<\/p>\n","protected":false},"excerpt":{"rendered":"<p>[vc_row hide_bg_image_on_tablet=&#8221;&#8221; hide_bg_image_on_mobile=&#8221;&#8221;][vc_column][vc_column_text]Prends une pause\u2026 et viens nous voir dans le Parc de la Maremme. Tu retourneras \u00e0 la maison plus remont\u00e9 et serein, plus vital et souriant. Offre sp\u00e9ciale&hellip;<\/p>\n","protected":false},"author":1,"featured_media":1234,"parent":0,"menu_order":0,"comment_status":"closed","ping_status":"closed","template":"","meta":{"ngg_post_thumbnail":0,"footnotes":""},"categories":[],"tags":[],"class_list":["post-3535","page","type-page","status-publish","has-post-thumbnail","hentry"],"_links":{"self":[{"href":"https:\/\/www.pulledraia.it\/fr\/wp-json\/wp\/v2\/pages\/3535\/"}],"collection":[{"href":"https:\/\/www.pulledraia.it\/fr\/wp-json\/wp\/v2\/pages\/"}],"about":[{"href":"https:\/\/www.pulledraia.it\/fr\/wp-json\/wp\/v2\/types\/page\/"}],"author":[{"embeddable":true,"href":"https:\/\/www.pulledraia.it\/fr\/wp-json\/wp\/v2\/users\/1\/"}],"replies":[{"embeddable":true,"href":"https:\/\/www.pulledraia.it\/fr\/wp-json\/wp\/v2\/comments\/?post=3535"}],"version-history":[{"count":5,"href":"https:\/\/www.pulledraia.it\/fr\/wp-json\/wp\/v2\/pages\/3535\/revisions\/"}],"predecessor-version":[{"id":4168,"href":"https:\/\/www.pulledraia.it\/fr\/wp-json\/wp\/v2\/pages\/3535\/revisions\/4168\/"}],"wp:featuredmedia":[{"embeddable":true,"href":"https:\/\/www.pulledraia.it\/fr\/wp-json\/wp\/v2\/media\/1234\/"}],"wp:attachment":[{"href":"https:\/\/www.pulledraia.it\/fr\/wp-json\/wp\/v2\/media\/?parent=3535"}],"wp:term":[{"taxonomy":"category","embeddable":true,"href":"https:\/\/www.pulledraia.it\/fr\/wp-json\/wp\/v2\/categories\/?post=3535"},{"taxonomy":"post_tag","embeddable":true,"href":"https:\/\/www.pulledraia.it\/fr\/wp-json\/wp\/v2\/tags\/?post=3535"}],"curies":[{"name":"wp","href":"https:\/\/api.w.org\/{rel}","templated":true}]}}