{"id":3542,"date":"2019-07-01T15:35:06","date_gmt":"2019-07-01T13:35:06","guid":{"rendered":"https:\/\/www.pulledraia.it\/ferme-biologique-toscane.html"},"modified":"2019-07-01T15:38:36","modified_gmt":"2019-07-01T13:38:36","slug":"ferme-biologique-maremma","status":"publish","type":"page","link":"https:\/\/www.pulledraia.it\/fr\/ferme-biologique-maremma\/","title":{"rendered":"Ferme Biologique Toscane"},"content":{"rendered":"<p>[vc_row hide_bg_image_on_tablet=&#8221;&#8221; hide_bg_image_on_mobile=&#8221;&#8221;][vc_column][vc_message icon_fontawesome=&#8221;icon-circle&#8221; closeable=&#8221;&#8221;]L\u2019attention \u00e0 l\u2019agriculture biologique se d\u00e9veloppe en Italie (et en Europe). Pour confirmer qu\u2019il s\u2019agit bien de l\u2019attention dont jouit le biologique entre les institutions, au premier rang avec la Commission europ\u00e9enne et de sa campagne \u00abbon pour la nature, bon pour vous.\u201d[\/vc_message][\/vc_column][\/vc_row][vc_row][vc_column][vc_column_text]<img loading=\"lazy\" decoding=\"async\" class=\"size-medium wp-image-1401 alignleft\" src=\"https:\/\/www.pulledraia.it\/wp-content\/uploads\/2019\/05\/biologico2-300x205.jpg\" alt=\"\" width=\"300\" height=\"205\" srcset=\"https:\/\/www.pulledraia.it\/wp-content\/uploads\/2019\/05\/biologico2-300x205.jpg 300w, https:\/\/www.pulledraia.it\/wp-content\/uploads\/2019\/05\/biologico2-768x524.jpg 768w, https:\/\/www.pulledraia.it\/wp-content\/uploads\/2019\/05\/biologico2-1024x699.jpg 1024w, https:\/\/www.pulledraia.it\/wp-content\/uploads\/2019\/05\/biologico2-370x253.jpg 370w, https:\/\/www.pulledraia.it\/wp-content\/uploads\/2019\/05\/biologico2-760x519.jpg 760w, https:\/\/www.pulledraia.it\/wp-content\/uploads\/2019\/05\/biologico2-1520x1038.jpg 1520w, https:\/\/www.pulledraia.it\/wp-content\/uploads\/2019\/05\/biologico2-740x505.jpg 740w, https:\/\/www.pulledraia.it\/wp-content\/uploads\/2019\/05\/biologico2.jpg 1582w\" sizes=\"auto, (max-width: 300px) 100vw, 300px\" \/><\/p>\n<p>es gens sont de plus en plus conscients de la qualit\u00e9 de la nourriture qui est per\u00e7u comme une importante elemeto pour une bonne sant\u00e9. En fait, la consommation d\u2019aliments biologiques est consid\u00e9r\u00e9 par les gens de plus en plus un moyen de prot\u00e9ger leur sant\u00e9 et leur bien-\u00eatre, mais aussi un moyen de prot\u00e9ger l\u2019environnement et la soci\u00e9t\u00e9 en g\u00e9n\u00e9ral. Le d\u00e9veloppement de l\u2019organique a \u00e9t\u00e9 accompagn\u00e9 et aid\u00e9 par la demande croissante de la qualit\u00e9 des aliments assur\u00e9e et contr\u00f4l\u00e9e.<\/p>\n<p align=\"justify\">A ainsi consolid\u00e9 le lien entre la valeur et la qualit\u00e9 des aliments et la garantie de son origine.<\/p>\n<p align=\"justify\">Comme il n\u2019est pas toujours possible d\u2019\u00e9tablir une relation de confiance imm\u00e9diatement, y compris le manque de temps, avec lesquels les aliments qu\u2019elle produit et vend, il devient n\u00e9cessaire d\u2019intervenir au moyen d\u2019une certification volontaire des normes reconnues et partag\u00e9es. Avec cette certification, une d\u00e9l\u00e9gation agriculteur une entit\u00e9 contr\u00f4lante, \u00e0 son tour, accr\u00e9dit\u00e9s et v\u00e9rifi\u00e9s pour certifier et garantir aux consommateurs qui ont utilis\u00e9 des m\u00e9thodes et techniques de culture \u201cbio\u201d.<\/p>\n<p align=\"justify\">Quel est ou devrait \u00eatre une ferme biologique, alors?<img loading=\"lazy\" decoding=\"async\" class=\"size-medium wp-image-1393 alignright\" src=\"https:\/\/www.pulledraia.it\/wp-content\/uploads\/2019\/05\/biologico-300x204.jpg\" alt=\"\" width=\"300\" height=\"204\" srcset=\"https:\/\/www.pulledraia.it\/wp-content\/uploads\/2019\/05\/biologico-300x204.jpg 300w, https:\/\/www.pulledraia.it\/wp-content\/uploads\/2019\/05\/biologico-768x522.jpg 768w, https:\/\/www.pulledraia.it\/wp-content\/uploads\/2019\/05\/biologico-1024x696.jpg 1024w, https:\/\/www.pulledraia.it\/wp-content\/uploads\/2019\/05\/biologico-370x251.jpg 370w, https:\/\/www.pulledraia.it\/wp-content\/uploads\/2019\/05\/biologico-760x517.jpg 760w, https:\/\/www.pulledraia.it\/wp-content\/uploads\/2019\/05\/biologico-1520x1033.jpg 1520w, https:\/\/www.pulledraia.it\/wp-content\/uploads\/2019\/05\/biologico-740x503.jpg 740w, https:\/\/www.pulledraia.it\/wp-content\/uploads\/2019\/05\/biologico.jpg 1589w\" sizes=\"auto, (max-width: 300px) 100vw, 300px\" \/><\/p>\n<p align=\"justify\">Tout d\u2019abord, il devrait \u00eatre une ferme o\u00f9 ils sont alors la production agricole.<\/p>\n<p align=\"justify\">Ne pas avoir peur de demander ce qui est produit et o\u00f9 il est produit. Marchez avec quelqu\u2019un et arriver l\u00e0 o\u00f9 ils sont cultiv\u00e9s illustrer les diff\u00e9rents produits. Pas toutes les exploitations agricoles sont des fermes. Il ya de nombreuses villas \u00e0 la campagne, mais aussi beau, mais ne produisent rien directement et avons choisi de d\u00e9finir batterie afin d\u2019utiliser les avantages fiscaux dont b\u00e9n\u00e9ficient les exploitations agricoles. Si c\u2019est ce que vous cherchez bien, mais \u00eatre conscient que la villa, la r\u00e9sidence, la maison, le restaurant ne dispose pas d\u2019une ferme.<br \/>\nEt si vous ne produisent pas directement tout produit agricole ce qu\u2019ils utilisent pour pr\u00e9parer vos propres repas? Demandez, demandez, demandez!<\/p>\n<p align=\"justify\">Et qu\u2019est-ce qu\u2019il faut faire pour \u00eatre consid\u00e9r\u00e9s comme biologiques?<\/p>\n<p>L\u2019agriculture biologique est d\u00e9crite par la Commission europ\u00e9enne comme un syst\u00e8me qui favorise la production de produits agricoles qui proviennent de soci\u00e9t\u00e9s qui respectent la nature et le bien-\u00eatre animal, ils cr\u00e9ent \u00e9galement de nouvelles opportunit\u00e9s pour les habitants des zones rurales. Selon la r\u00e9glementation europ\u00e9enne, un produit biologique peut \u00eatre certifi\u00e9 que si au moins 95% des ingr\u00e9dients sont produites selon les r\u00e8gles de l\u2019agriculture biologique, en utilisant ce que toutes les \u00e9tapes de production seules les substances qui ont une autorisation sp\u00e9cifique et en utilisant des proc\u00e9d\u00e9s de production en conformit\u00e9 avec les normes de membres de l\u2019UE et de la communaut\u00e9. Les exigences qui s\u2019appliquent \u00e0 la production biologique de l\u2019Union europ\u00e9enne s\u2019appliquent \u00e9galement aux produits import\u00e9s.<img loading=\"lazy\" decoding=\"async\" class=\"size-medium wp-image-1397 alignleft\" src=\"https:\/\/www.pulledraia.it\/wp-content\/uploads\/2019\/05\/biologico1-199x300.jpg\" alt=\"\" width=\"199\" height=\"300\" srcset=\"https:\/\/www.pulledraia.it\/wp-content\/uploads\/2019\/05\/biologico1-199x300.jpg 199w, https:\/\/www.pulledraia.it\/wp-content\/uploads\/2019\/05\/biologico1-679x1024.jpg 679w, https:\/\/www.pulledraia.it\/wp-content\/uploads\/2019\/05\/biologico1-370x558.jpg 370w, https:\/\/www.pulledraia.it\/wp-content\/uploads\/2019\/05\/biologico1.jpg 716w\" sizes=\"auto, (max-width: 199px) 100vw, 199px\" \/><\/p>\n<p>Par exemple, les produits biologiques ne contiennent pas d\u2019ar\u00f4mes artificiels, colorants ou \u00e9dulcorants ou d\u2019organismes g\u00e9n\u00e9tiquement modifi\u00e9s (OGM), car on croit qu\u2019elles sont incompatibles avec la production biologique (r\u00e8glement (CE) n \u00b0 834\/2007). R\u00e8gles communautaires pour la certification biologique europ\u00e9enne sont utilis\u00e9s non seulement pour les produits frais tels que les fruits et l\u00e9gumes transform\u00e9s, mais aussi pour les produits biologiques (tels que le pain, l\u2019huile d\u2019olive, fromage, p\u00e2tes, etc.) Pourvu qu\u2019ils sont fabriqu\u00e9s avec des ingr\u00e9dients de base certifi\u00e9 biologique. La certification peut \u00e9galement \u00eatre n\u00e9cessaire pour les viandes, poissons et \u0153ufs seulement si vous respectez les r\u00e8gles et r\u00e8glements de l\u2019\u00e9levage qui, par exemple, exigent que les animaux ont acc\u00e8s \u00e0 de grands espaces ouverts et leur alimentation est produite selon les crit\u00e8res la production de mati\u00e8re organique).<\/p>\n<p>Ferme dans le but de d\u00e9finir l\u2019agriculture biologique doit \u00eatre v\u00e9rifi\u00e9 et certifi\u00e9 par un organisme de contr\u00f4le accr\u00e9dit\u00e9. Doivent avoir un certificat de conformit\u00e9 et un code op\u00e9rateur et doivent \u00eatre inclus dans la liste des entreprises certifi\u00e9es peuvent \u00eatre trouv\u00e9es sur le site de l\u2019inspection<\/p>\n<p>Souvent, les fermes ils veulent toujours profiter de l\u2019attention et de la sensibilisation des consommateurs \u00e0 la production biologique et la mise sur les moteurs de recherche avec le mot-cl\u00e9 \u201cferme bio\u201d. Cependant, n\u2019ayez pas peur de v\u00e9rifier et de demander qui ils sont et quelle est leur code de l\u2019op\u00e9rateur certifi\u00e9 et v\u00e9rifiez que vous d\u00e9fini sans \u00eatre organique.<br \/>\nDemandez, demandez, demandez!<\/p>\n<p>&nbsp;[\/vc_column_text][\/vc_column][\/vc_row]<\/p>\n","protected":false},"excerpt":{"rendered":"<p>[vc_row hide_bg_image_on_tablet=&#8221;&#8221; hide_bg_image_on_mobile=&#8221;&#8221;][vc_column][vc_message icon_fontawesome=&#8221;icon-circle&#8221; closeable=&#8221;&#8221;]L\u2019attention \u00e0 l\u2019agriculture biologique se d\u00e9veloppe en Italie (et en Europe). Pour confirmer qu\u2019il s\u2019agit bien de l\u2019attention dont jouit le biologique entre les institutions, au&hellip;<\/p>\n","protected":false},"author":1,"featured_media":1234,"parent":0,"menu_order":0,"comment_status":"closed","ping_status":"closed","template":"","meta":{"ngg_post_thumbnail":0,"footnotes":""},"categories":[],"tags":[],"class_list":["post-3542","page","type-page","status-publish","has-post-thumbnail","hentry"],"_links":{"self":[{"href":"https:\/\/www.pulledraia.it\/fr\/wp-json\/wp\/v2\/pages\/3542\/"}],"collection":[{"href":"https:\/\/www.pulledraia.it\/fr\/wp-json\/wp\/v2\/pages\/"}],"about":[{"href":"https:\/\/www.pulledraia.it\/fr\/wp-json\/wp\/v2\/types\/page\/"}],"author":[{"embeddable":true,"href":"https:\/\/www.pulledraia.it\/fr\/wp-json\/wp\/v2\/users\/1\/"}],"replies":[{"embeddable":true,"href":"https:\/\/www.pulledraia.it\/fr\/wp-json\/wp\/v2\/comments\/?post=3542"}],"version-history":[{"count":3,"href":"https:\/\/www.pulledraia.it\/fr\/wp-json\/wp\/v2\/pages\/3542\/revisions\/"}],"predecessor-version":[{"id":3545,"href":"https:\/\/www.pulledraia.it\/fr\/wp-json\/wp\/v2\/pages\/3542\/revisions\/3545\/"}],"wp:featuredmedia":[{"embeddable":true,"href":"https:\/\/www.pulledraia.it\/fr\/wp-json\/wp\/v2\/media\/1234\/"}],"wp:attachment":[{"href":"https:\/\/www.pulledraia.it\/fr\/wp-json\/wp\/v2\/media\/?parent=3542"}],"wp:term":[{"taxonomy":"category","embeddable":true,"href":"https:\/\/www.pulledraia.it\/fr\/wp-json\/wp\/v2\/categories\/?post=3542"},{"taxonomy":"post_tag","embeddable":true,"href":"https:\/\/www.pulledraia.it\/fr\/wp-json\/wp\/v2\/tags\/?post=3542"}],"curies":[{"name":"wp","href":"https:\/\/api.w.org\/{rel}","templated":true}]}}