{"id":3546,"date":"2019-07-01T15:41:16","date_gmt":"2019-07-01T13:41:16","guid":{"rendered":"https:\/\/www.pulledraia.it\/notre-philosophie.html"},"modified":"2019-07-01T15:42:48","modified_gmt":"2019-07-01T13:42:48","slug":"vacances-toscane-enfants","status":"publish","type":"page","link":"https:\/\/www.pulledraia.it\/fr\/vacances-toscane-enfants\/","title":{"rendered":"Notre philosophie"},"content":{"rendered":"<p>[vc_row hide_bg_image_on_tablet=&#8221;&#8221; hide_bg_image_on_mobile=&#8221;&#8221;][vc_column][vc_column_text]<\/p>\n<p align=\"justify\">La Ferme Podere Montegrappa Pulledraia n\u00e9e d\u2019un r\u00eave: retrouver notre temps et de commencer \u00e0 r\u00e9tablir les bonnes priorit\u00e9s dans la vie. La vie tourne d\u00e9sormais \u00e0 un rythme trop fr\u00e9n\u00e9tique et fr\u00e9n\u00e9tique et il n\u2019y a plus de temps pour les choses importantes comme bavarder avec les autres, de partager leurs exp\u00e9riences et leurs points de vue. Avec calme et la tranquillit\u00e9.<br \/>\nNous avons donc d\u00e9cid\u00e9 de construire un oasis pour nous-m\u00eames, notre famille et pour ceux qui veulent venir nous rendre visite pour partager leur passion pour les saveurs et cuisine traditionnelle \u201cmaison\u201d avec une passion pour une belle r\u00e9gion de l\u2019Italie, Toscane. Pour ces raisons, nous avons achet\u00e9 la ferme, et nous avons r\u00e9nov\u00e9 et avec un go\u00fbt pour la simplicit\u00e9, nous meubl\u00e9es.<\/p>\n<p><img loading=\"lazy\" decoding=\"async\" class=\"size-medium wp-image-1417 alignleft\" src=\"https:\/\/www.pulledraia.it\/wp-content\/uploads\/2019\/05\/foto-G.-Anselmi-Vanessa-del-Cardo-Cala-di-forno-300x194.jpg\" alt=\"\" width=\"300\" height=\"194\" srcset=\"https:\/\/www.pulledraia.it\/wp-content\/uploads\/2019\/05\/foto-G.-Anselmi-Vanessa-del-Cardo-Cala-di-forno-300x194.jpg 300w, https:\/\/www.pulledraia.it\/wp-content\/uploads\/2019\/05\/foto-G.-Anselmi-Vanessa-del-Cardo-Cala-di-forno-768x497.jpg 768w, https:\/\/www.pulledraia.it\/wp-content\/uploads\/2019\/05\/foto-G.-Anselmi-Vanessa-del-Cardo-Cala-di-forno-1024x662.jpg 1024w, https:\/\/www.pulledraia.it\/wp-content\/uploads\/2019\/05\/foto-G.-Anselmi-Vanessa-del-Cardo-Cala-di-forno-370x239.jpg 370w, https:\/\/www.pulledraia.it\/wp-content\/uploads\/2019\/05\/foto-G.-Anselmi-Vanessa-del-Cardo-Cala-di-forno-1192x776.jpg 1192w, https:\/\/www.pulledraia.it\/wp-content\/uploads\/2019\/05\/foto-G.-Anselmi-Vanessa-del-Cardo-Cala-di-forno-760x491.jpg 760w, https:\/\/www.pulledraia.it\/wp-content\/uploads\/2019\/05\/foto-G.-Anselmi-Vanessa-del-Cardo-Cala-di-forno-740x479.jpg 740w, https:\/\/www.pulledraia.it\/wp-content\/uploads\/2019\/05\/foto-G.-Anselmi-Vanessa-del-Cardo-Cala-di-forno.jpg 1200w\" sizes=\"auto, (max-width: 300px) 100vw, 300px\" \/>In questo modo i nostri ospiti potranno godere non solo di una vacanza, ma potranno condividere la nostra esperienza, e potranno vivere insieme a noi il clima della Maremma, il gusto genuino dei sapori di una volta grazie a prodotti biologici cucinati con cura..<\/p>\n<p>De cette mani\u00e8re, nos clients peuvent profiter non seulement des vacances, mais vous ferons partager notre exp\u00e9rience, et \u00eatre capable de vivre avec nous le climat de la Maremme, le vrai go\u00fbt des saveurs du pass\u00e9 gr\u00e2ce \u00e0 des produits biologiques cuits avec soin ..<\/p>\n<p>Si vous venez, vous quittez la maison en toute h\u00e2te, le stress et que vous voulez regarder la t\u00e9l\u00e9vision.<br \/>\nPrenez quelques jours de votre temps .. La Maremme est une terre ancienne, o\u00f9 le temps, la nature et les gens qui ont v\u00e9cu et ont laiss\u00e9 des traces qui sont encore visibles formant une richesse des milieux naturels, l\u2019art, la culture et les traditions. Plongez-vous dans la Maremme toscane et de ses traditions et de retourner \u00e0 savourer un avantage style de vie simple mais vrai de vos vacances en Toscane, d\u2019apporter un souvenir inoubliable.<\/p>\n<p align=\"justify\"><b><img loading=\"lazy\" decoding=\"async\" class=\"size-medium wp-image-1413 alignright\" src=\"https:\/\/www.pulledraia.it\/wp-content\/uploads\/2019\/05\/foto-G.-Anselmi-Torre-Collelungo-300x200.jpg\" alt=\"\" width=\"300\" height=\"200\" srcset=\"https:\/\/www.pulledraia.it\/wp-content\/uploads\/2019\/05\/foto-G.-Anselmi-Torre-Collelungo-300x200.jpg 300w, https:\/\/www.pulledraia.it\/wp-content\/uploads\/2019\/05\/foto-G.-Anselmi-Torre-Collelungo-768x512.jpg 768w, https:\/\/www.pulledraia.it\/wp-content\/uploads\/2019\/05\/foto-G.-Anselmi-Torre-Collelungo-1024x683.jpg 1024w, https:\/\/www.pulledraia.it\/wp-content\/uploads\/2019\/05\/foto-G.-Anselmi-Torre-Collelungo-370x247.jpg 370w, https:\/\/www.pulledraia.it\/wp-content\/uploads\/2019\/05\/foto-G.-Anselmi-Torre-Collelungo-1192x800.jpg 1192w, https:\/\/www.pulledraia.it\/wp-content\/uploads\/2019\/05\/foto-G.-Anselmi-Torre-Collelungo-760x507.jpg 760w, https:\/\/www.pulledraia.it\/wp-content\/uploads\/2019\/05\/foto-G.-Anselmi-Torre-Collelungo-740x493.jpg 740w, https:\/\/www.pulledraia.it\/wp-content\/uploads\/2019\/05\/foto-G.-Anselmi-Torre-Collelungo.jpg 1200w\" sizes=\"auto, (max-width: 300px) 100vw, 300px\" \/><\/b><b>Pas de courtiers et des agences, que l\u2019Internet.<\/b><br \/>\nLa gestion directe des r\u00e9servations par le biais de notre site web, email, t\u00e9l\u00e9phone.<br \/>\nNous avons choisi comme un moyen de communiquer notre site Web et des portails d\u2019information et de r\u00e9servation. De cette fa\u00e7on, vous pouvez toujours nous contacter directement.<br \/>\nSur notre site vous pouvez faire des r\u00e9servations en ligne en seulement quelques \u00e9tapes faciles, mais si vous voulez nous contacter par email ou appelez-nous au t\u00e9l\u00e9phone s\u2019il vous pla\u00eet n\u2019h\u00e9sitez pas \u00e0 le faire.<br \/>\nM\u00eame juste de savoir que nous la voix ou de soumettre certains de vos besoins particuliers.<\/p>\n<p align=\"justify\"><b><img loading=\"lazy\" decoding=\"async\" class=\"size-medium wp-image-1409 alignleft\" src=\"https:\/\/www.pulledraia.it\/wp-content\/uploads\/2019\/05\/foto-G.-Anselmi-Foto-G.Anselmi-Ghiandaia-Marina-300x200.jpg\" alt=\"\" width=\"300\" height=\"200\" srcset=\"https:\/\/www.pulledraia.it\/wp-content\/uploads\/2019\/05\/foto-G.-Anselmi-Foto-G.Anselmi-Ghiandaia-Marina-300x200.jpg 300w, https:\/\/www.pulledraia.it\/wp-content\/uploads\/2019\/05\/foto-G.-Anselmi-Foto-G.Anselmi-Ghiandaia-Marina-768x512.jpg 768w, https:\/\/www.pulledraia.it\/wp-content\/uploads\/2019\/05\/foto-G.-Anselmi-Foto-G.Anselmi-Ghiandaia-Marina-1024x683.jpg 1024w, https:\/\/www.pulledraia.it\/wp-content\/uploads\/2019\/05\/foto-G.-Anselmi-Foto-G.Anselmi-Ghiandaia-Marina-370x247.jpg 370w, https:\/\/www.pulledraia.it\/wp-content\/uploads\/2019\/05\/foto-G.-Anselmi-Foto-G.Anselmi-Ghiandaia-Marina-1192x800.jpg 1192w, https:\/\/www.pulledraia.it\/wp-content\/uploads\/2019\/05\/foto-G.-Anselmi-Foto-G.Anselmi-Ghiandaia-Marina-760x507.jpg 760w, https:\/\/www.pulledraia.it\/wp-content\/uploads\/2019\/05\/foto-G.-Anselmi-Foto-G.Anselmi-Ghiandaia-Marina-740x493.jpg 740w, https:\/\/www.pulledraia.it\/wp-content\/uploads\/2019\/05\/foto-G.-Anselmi-Foto-G.Anselmi-Ghiandaia-Marina.jpg 1200w\" sizes=\"auto, (max-width: 300px) 100vw, 300px\" \/><\/b><b>Notre touche personnelle.<\/b><br \/>\nChaque logement familial a une touche personnelle qui caract\u00e9rise l\u2019ensemble du s\u00e9jour. Notre touche, c\u2019est que nous avons construit le Pulledraia pour nous et pour nos familles.Pulledraia est Agritourisme pour enfants en Toscane.<br \/>\nNous voulions un endroit o\u00f9 nos enfants voudraient venir passer un peu insouciante \u00bbdu temps avec leurs grands-parents et les oncles de la simplicit\u00e9, de retour \u00e0 marcher, \u00e0 faire du v\u00e9lo et a commenc\u00e9 \u00e0 monter \u00e0 cheval, aller dans les champs avec son grand-p\u00e8re, jouissant les bonnes choses qui pr\u00e9pare sa grand-m\u00e8re.<br \/>\nNous sommes \u00e9galement tr\u00e8s calme, timide et n\u2019aime pas \u00e0 envahir l\u2019espace de vie des autres.<br \/>\nVous \u00eates les bienvenus dans notre maison et nous allons essayer de vous faire sentir \u00e0 la maison, mais discr\u00e8tement.<br \/>\nNous ne sommes pas parfaits et ne pr\u00e9tend pas l\u2019\u00eatre, mais nous sommes sinc\u00e8res, honn\u00eates, g\u00e9n\u00e9reux et toujours de bonne foi.<br \/>\nCela donne \u00e0 nos clients l\u2019impression de vivre sur la ferme comme une grande famille et nous sommes fiers<\/p>\n<p>&nbsp;[\/vc_column_text][\/vc_column][\/vc_row]<\/p>\n","protected":false},"excerpt":{"rendered":"<p>[vc_row hide_bg_image_on_tablet=&#8221;&#8221; hide_bg_image_on_mobile=&#8221;&#8221;][vc_column][vc_column_text] La Ferme Podere Montegrappa Pulledraia n\u00e9e d\u2019un r\u00eave: retrouver notre temps et de commencer \u00e0 r\u00e9tablir les bonnes priorit\u00e9s dans la vie. La vie tourne d\u00e9sormais \u00e0&hellip;<\/p>\n","protected":false},"author":1,"featured_media":1234,"parent":0,"menu_order":0,"comment_status":"closed","ping_status":"closed","template":"","meta":{"ngg_post_thumbnail":0,"footnotes":""},"categories":[],"tags":[],"class_list":["post-3546","page","type-page","status-publish","has-post-thumbnail","hentry"],"_links":{"self":[{"href":"https:\/\/www.pulledraia.it\/fr\/wp-json\/wp\/v2\/pages\/3546\/"}],"collection":[{"href":"https:\/\/www.pulledraia.it\/fr\/wp-json\/wp\/v2\/pages\/"}],"about":[{"href":"https:\/\/www.pulledraia.it\/fr\/wp-json\/wp\/v2\/types\/page\/"}],"author":[{"embeddable":true,"href":"https:\/\/www.pulledraia.it\/fr\/wp-json\/wp\/v2\/users\/1\/"}],"replies":[{"embeddable":true,"href":"https:\/\/www.pulledraia.it\/fr\/wp-json\/wp\/v2\/comments\/?post=3546"}],"version-history":[{"count":2,"href":"https:\/\/www.pulledraia.it\/fr\/wp-json\/wp\/v2\/pages\/3546\/revisions\/"}],"predecessor-version":[{"id":3548,"href":"https:\/\/www.pulledraia.it\/fr\/wp-json\/wp\/v2\/pages\/3546\/revisions\/3548\/"}],"wp:featuredmedia":[{"embeddable":true,"href":"https:\/\/www.pulledraia.it\/fr\/wp-json\/wp\/v2\/media\/1234\/"}],"wp:attachment":[{"href":"https:\/\/www.pulledraia.it\/fr\/wp-json\/wp\/v2\/media\/?parent=3546"}],"wp:term":[{"taxonomy":"category","embeddable":true,"href":"https:\/\/www.pulledraia.it\/fr\/wp-json\/wp\/v2\/categories\/?post=3546"},{"taxonomy":"post_tag","embeddable":true,"href":"https:\/\/www.pulledraia.it\/fr\/wp-json\/wp\/v2\/tags\/?post=3546"}],"curies":[{"name":"wp","href":"https:\/\/api.w.org\/{rel}","templated":true}]}}