{"id":3551,"date":"2019-07-01T15:59:07","date_gmt":"2019-07-01T13:59:07","guid":{"rendered":"https:\/\/www.pulledraia.it\/produire.html"},"modified":"2019-07-01T16:01:44","modified_gmt":"2019-07-01T14:01:44","slug":"produire","status":"publish","type":"page","link":"https:\/\/www.pulledraia.it\/fr\/produire\/","title":{"rendered":"Produire"},"content":{"rendered":"<p>[vc_row hide_bg_image_on_tablet=&#8221;&#8221; hide_bg_image_on_mobile=&#8221;&#8221;][vc_column][vc_column_text]Un s\u00e9jour \u00e0 La Pulledraia veut \u00eatre un retour aux rythmes et saveurs d\u2019un temps ancien a presque disparu, quand les familles se sont r\u00e9unis pour une f\u00eate dans la maison de leurs grands-parents. Mais ce n\u2019\u00e9tait pas parti sans parti d\u00e9jeuner, compos\u00e9 d\u2019odeurs et de saveurs franches. L\u00e9gumes, viandes, sauces, desserts, tout \u00e0 son go\u00fbt et de l\u2019odeur. De tout cela, nous le faisons toujours.<br \/>\nNous le faisons d\u2019abord pour notre famille chaque ann\u00e9e est toujours en train de pr\u00e9parer conserv\u00e9es pour \u00eatre consomm\u00e9e au cours de l\u2019ann\u00e9e: l\u2019huile d\u2019olive, vin, confitures, miel, sauce tomate, cornichons. Nous le faisons volontairement ou m\u00eame pour ceux qui reviennent nous visiter. Le \u00abnous pratiquons l\u2019agriculture biologique de 10 hectares que nous cultivons signifie pas d\u2019engrais et d\u2019herbicides chimiques, mais aussi le choix des techniques culturales les plus appropri\u00e9es (rotation des cultures, la fertilisation organique, la culture de trois ans de luzerne \u2013 de donner l\u2019azote organique dans le sol ) et les graines qui ont les meilleures qualit\u00e9s organoleptiques et sont les mieux adapt\u00e9s \u00e0 notre terre.<\/p>\n<p>&nbsp;[\/vc_column_text][\/vc_column][\/vc_row][vc_row][vc_column width=&#8221;1\/3&#8243;][vc_single_image image=&#8221;1567&#8243; img_size=&#8221;&#8221; alignment=&#8221;center&#8221; onclick=&#8221;custom_link&#8221; link=&#8221;https:\/\/www.pulledraia.it\/prodotti\/animali\/&#8221;][vc_column_text]<\/p>\n<h6 style=\"text-align: center;\"><a href=\"https:\/\/www.pulledraia.it\/fr\/notre-viande\/\">Notre viande<\/a><\/h6>\n<p>[\/vc_column_text][\/vc_column][vc_column width=&#8221;1\/3&#8243;][vc_single_image image=&#8221;1575&#8243; img_size=&#8221;&#8221; alignment=&#8221;center&#8221; onclick=&#8221;custom_link&#8221; link=&#8221;https:\/\/www.pulledraia.it\/prodotti\/vino-e-liquori\/&#8221;][vc_column_text]<\/p>\n<h6 style=\"text-align: center;\"><a href=\"https:\/\/www.pulledraia.it\/fr\/vin-et-liqueurs\/\">Vin et liqueurs<\/a><\/h6>\n<p>[\/vc_column_text][\/vc_column][vc_column width=&#8221;1\/3&#8243;][vc_single_image image=&#8221;1571&#8243; img_size=&#8221;&#8221; alignment=&#8221;center&#8221; onclick=&#8221;custom_link&#8221; link=&#8221;https:\/\/www.pulledraia.it\/prodotti\/frutta-verdura\/&#8221;][vc_column_text]<\/p>\n<h6 style=\"text-align: center;\"><a href=\"https:\/\/www.pulledraia.it\/fr\/fruits-et-vegetales\/\">Fruits et v\u00e9g\u00e9tales<\/a><\/h6>\n<p>[\/vc_column_text][\/vc_column][\/vc_row]<\/p>\n","protected":false},"excerpt":{"rendered":"<p>[vc_row hide_bg_image_on_tablet=&#8221;&#8221; hide_bg_image_on_mobile=&#8221;&#8221;][vc_column][vc_column_text]Un s\u00e9jour \u00e0 La Pulledraia veut \u00eatre un retour aux rythmes et saveurs d\u2019un temps ancien a presque disparu, quand les familles se sont r\u00e9unis pour une f\u00eate&hellip;<\/p>\n","protected":false},"author":1,"featured_media":1234,"parent":0,"menu_order":0,"comment_status":"closed","ping_status":"closed","template":"","meta":{"ngg_post_thumbnail":0,"footnotes":""},"categories":[],"tags":[],"class_list":["post-3551","page","type-page","status-publish","has-post-thumbnail","hentry"],"_links":{"self":[{"href":"https:\/\/www.pulledraia.it\/fr\/wp-json\/wp\/v2\/pages\/3551\/"}],"collection":[{"href":"https:\/\/www.pulledraia.it\/fr\/wp-json\/wp\/v2\/pages\/"}],"about":[{"href":"https:\/\/www.pulledraia.it\/fr\/wp-json\/wp\/v2\/types\/page\/"}],"author":[{"embeddable":true,"href":"https:\/\/www.pulledraia.it\/fr\/wp-json\/wp\/v2\/users\/1\/"}],"replies":[{"embeddable":true,"href":"https:\/\/www.pulledraia.it\/fr\/wp-json\/wp\/v2\/comments\/?post=3551"}],"version-history":[{"count":3,"href":"https:\/\/www.pulledraia.it\/fr\/wp-json\/wp\/v2\/pages\/3551\/revisions\/"}],"predecessor-version":[{"id":3554,"href":"https:\/\/www.pulledraia.it\/fr\/wp-json\/wp\/v2\/pages\/3551\/revisions\/3554\/"}],"wp:featuredmedia":[{"embeddable":true,"href":"https:\/\/www.pulledraia.it\/fr\/wp-json\/wp\/v2\/media\/1234\/"}],"wp:attachment":[{"href":"https:\/\/www.pulledraia.it\/fr\/wp-json\/wp\/v2\/media\/?parent=3551"}],"wp:term":[{"taxonomy":"category","embeddable":true,"href":"https:\/\/www.pulledraia.it\/fr\/wp-json\/wp\/v2\/categories\/?post=3551"},{"taxonomy":"post_tag","embeddable":true,"href":"https:\/\/www.pulledraia.it\/fr\/wp-json\/wp\/v2\/tags\/?post=3551"}],"curies":[{"name":"wp","href":"https:\/\/api.w.org\/{rel}","templated":true}]}}