{"id":3561,"date":"2019-07-01T16:30:51","date_gmt":"2019-07-01T14:30:51","guid":{"rendered":"https:\/\/www.pulledraia.it\/commentaires.html"},"modified":"2019-07-01T16:32:08","modified_gmt":"2019-07-01T14:32:08","slug":"commentaires-ferme-la-pulledraia-conseiller","status":"publish","type":"page","link":"https:\/\/www.pulledraia.it\/fr\/commentaires-ferme-la-pulledraia-conseiller\/","title":{"rendered":"Commentaires"},"content":{"rendered":"<p>[vc_row hide_bg_image_on_tablet=&#8221;&#8221; hide_bg_image_on_mobile=&#8221;&#8221; css=&#8221;.vc_custom_1558449262728{margin-bottom: 30px !important;}&#8221;][vc_column][vc_column_text]<\/p>\n<div class=\"row\">\n<div class=\"col-md-offset-2 col-md-8\">\n<p style=\"text-align: center;\">Lire les commentaires sur TripAdvisor de La Ferme Pulledraia.<\/p>\n<p style=\"text-align: center;\">D\u00e9j\u00e0 client, et vous avez eu un agr\u00e9able s\u00e9jour \u00e0 La Ferme Pulledraia?<br \/>\nLaissez vos commentaires directement \u00e0 partir de cette page, Tripadvisor va publier!<\/p>\n<\/div>\n<\/div>\n<p>[\/vc_column_text][\/vc_column][\/vc_row][vc_row][vc_column width=&#8221;1\/2&#8243;][vc_raw_html]PGEgaHJlZj0iaHR0cHM6Ly93d3cudHJpcGFkdmlzb3IuZnIvSG90ZWxfUmV2aWV3LWc2NjM1NjMtZDY1NDYxOC1SZXZpZXdzLUFncml0dXJpc21vX0xhX1B1bGxlZHJhaWFfZGVsX1BvZGVyZV9Nb250ZWdyYXBwYS1BbGJlcmVzZV9Qcm92aW5jZV9vZl9Hcm9zc2V0b19UdXNjYW55Lmh0bWwiIHRhcmdldD0iX2JsYW5rIj48aW1nIHNyYz0iaHR0cDovL3d3dy5wdWxsZWRyYWlhLmZyL3dwLWNvbnRlbnQvdXBsb2Fkcy8yMDE3LzA1L1NjaGVybWF0YS0yMDE3LTA1LTI5LWFsbGUtMTYuMTEuMjkucG5nIiBhbHQ9IkFncml0dXJpc21vIExlIFB1bGxlZHJhaWEgQWxiZXJlc2UgQ29tbWVudGFpcmVzIHN1ciBUcmlwYWR2aXNvciIgY2xhc3M9ImltZy1yZXNwb25zaXZlIiAvPjwvYT4=[\/vc_raw_html][\/vc_column][vc_column width=&#8221;1\/2&#8243;][vc_raw_html]PGEgaHJlZj0iaHR0cHM6Ly93d3cudHJpcGFkdmlzb3IuZnIvVXNlclJldmlld0VkaXQtZzY2MzU2My1kNjU0NjE4LWVodHRwOl9fMkZfX19fMkZfX3d3d19fMkVfX3RyaXBhZHZpc29yX18yRV9faXRfXzJGX19Ib3RlbF9fNUZfX1Jldmlld19fMkRfX2c2NjM1NjNfXzJEX19kNjU0NjE4X18yRF9fUmV2aWV3c19fMkRfX0Fncml0dXJpc21vX181Rl9fTGFfXzVGX19QdWxsZWRyYWlhX181Rl9fZGVsX181Rl9fUG9kZXJlX181Rl9fTW9udGVncmFwcGFfXzJEX19BbGJlcmVzZV9fNUZfX1Byb3ZpbmNlX181Rl9fb2ZfXzVGX19Hcm9zc2V0b19fNUZfX1R1c2NhbnlfXzJFX19odG1sLUFncml0dXJpc21vX0xhX1B1bGxlZHJhaWFfZGVsX1BvZGVyZV9Nb250ZWdyYXBwYS1BbGJlcmVzZV9Qcm92aW5jZV9vZl9Hcm9zc2V0b19UdXNjYW55Lmh0bWwiIHRhcmdldD0iX2JsYW5rIj48aW1nIHNyYz0iaHR0cDovL3d3dy5wdWxsZWRyYWlhLmZyL3dwLWNvbnRlbnQvdXBsb2Fkcy8yMDE3LzA1L1NjaGVybWF0YS0yMDE3LTA1LTI5LWFsbGUtMTYuMTEuNDUucG5nIiBhbHQ9IkFncml0dXJpc21vIExlIFB1bGxlZHJhaWEgQWxiZXJlc2UgQ29tbWVudGFpcmVzIHN1ciBUcmlwYWR2aXNvciIgY2xhc3M9ImltZy1yZXNwb25zaXZlIiAvPjwvYT4=[\/vc_raw_html][\/vc_column][\/vc_row][vc_row][vc_column width=&#8221;1\/2&#8243;][vc_raw_html]PGlmcmFtZSBzdHlsZT0iYm9yZGVyOiBub25lOyBvdmVyZmxvdzogaGlkZGVuOyIgc3JjPSJodHRwczovL3d3dy5mYWNlYm9vay5jb20vcGx1Z2lucy9wb3N0LnBocD9ocmVmPWh0dHBzJTNBJTJGJTJGd3d3LmZhY2Vib29rLmNvbSUyRmZhYnJpemlvLmdlbnRpbGkuOTAlMkZwb3N0cyUyRjEwMjA5ODgwNTY5MTk0NzQ5JTNBMCZ3aWR0aD01MDAiIHdpZHRoPSI1MDAiIGhlaWdodD0iMzczIiBmcmFtZWJvcmRlcj0iMCIgc2Nyb2xsaW5nPSJubyI+PC9pZnJhbWU+[\/vc_raw_html][\/vc_column][vc_column width=&#8221;1\/2&#8243;][vc_raw_html]PGlmcmFtZSBzdHlsZT0iYm9yZGVyOiBub25lOyBvdmVyZmxvdzogaGlkZGVuOyIgc3JjPSJodHRwczovL3d3dy5mYWNlYm9vay5jb20vcGx1Z2lucy9wb3N0LnBocD9ocmVmPWh0dHBzJTNBJTJGJTJGd3d3LmZhY2Vib29rLmNvbSUyRmFsZXNzYW5kcmEuY2Fzc2FuZHJhJTJGcG9zdHMlMkYxMDIwNjQ0OTc3MTExMzgzMSUzQTAmd2lkdGg9NTAwIiB3aWR0aD0iNTAwIiBoZWlnaHQ9IjM1NCIgZnJhbWVib3JkZXI9IjAiIHNjcm9sbGluZz0ibm8iPjwvaWZyYW1lPg==[\/vc_raw_html][\/vc_column][\/vc_row][vc_row css=&#8221;.vc_custom_1558449420185{margin-top: 30px !important;}&#8221;][vc_column width=&#8221;1\/3&#8243;][\/vc_column][vc_column width=&#8221;1\/3&#8243;][vc_column_text]<a style=\"font-size: 130%;\" href=\"https:\/\/www.facebook.com\/pg\/AgriturismoLaPulledraia\/reviews\/?ref=page_internal\" target=\"_blank\" rel=\"noopener noreferrer\">\u00bb Lire tous les avis <img loading=\"lazy\" decoding=\"async\" class=\"alignnone size-full wp-image-2245\" src=\"https:\/\/demositoweb.it\/pulledraia\/wp-content\/uploads\/2019\/05\/logo_facebook.png\" alt=\"\" width=\"70\" height=\"14\"><\/a><\/p>\n<p><a style=\"font-size: 130%;\" href=\"https:\/\/www.google.it\/search?q=pulledraia&amp;oq=pulledraia&amp;aqs=chrome..69i57j69i60l4j0.6858j0j4&amp;sourceid=chrome&amp;ie=UTF-8#lrd=0x1329b3039681e46f:0xe0fcdebbc75afefe,1\" target=\"blank\" rel=\"noopener noreferrer\">\u00bb Lire tous les avis <img loading=\"lazy\" decoding=\"async\" class=\"alignnone size-full wp-image-2249\" src=\"https:\/\/demositoweb.it\/pulledraia\/wp-content\/uploads\/2019\/05\/google_plus.png\" alt=\"\" width=\"24\" height=\"24\"><\/a><\/p>\n<p><a style=\"font-size: 130%;\" href=\"http:\/\/www.agriturismo.it\/it\/agriturismi\/toscana\/grosseto\/LaPulledraiadelPodereMontegrappa-8310906\/commenti.html\" target=\"blank\" rel=\"noopener noreferrer\">\u00bbLire tous les avis <img loading=\"lazy\" decoding=\"async\" class=\"alignnone size-full wp-image-2253\" src=\"https:\/\/demositoweb.it\/pulledraia\/wp-content\/uploads\/2019\/05\/agriturismo.png\" alt=\"\" width=\"107\" height=\"15\"><\/a>[\/vc_column_text][\/vc_column][vc_column width=&#8221;1\/3&#8243;][\/vc_column][\/vc_row]<\/p>\n","protected":false},"excerpt":{"rendered":"<p>[vc_row hide_bg_image_on_tablet=&#8221;&#8221; hide_bg_image_on_mobile=&#8221;&#8221; css=&#8221;.vc_custom_1558449262728{margin-bottom: 30px !important;}&#8221;][vc_column][vc_column_text] Lire les commentaires sur TripAdvisor de La Ferme Pulledraia. D\u00e9j\u00e0 client, et vous avez eu un agr\u00e9able s\u00e9jour \u00e0 La Ferme Pulledraia? Laissez vos&hellip;<\/p>\n","protected":false},"author":1,"featured_media":1234,"parent":0,"menu_order":0,"comment_status":"closed","ping_status":"closed","template":"","meta":{"ngg_post_thumbnail":0,"footnotes":""},"categories":[],"tags":[],"class_list":["post-3561","page","type-page","status-publish","has-post-thumbnail","hentry"],"_links":{"self":[{"href":"https:\/\/www.pulledraia.it\/fr\/wp-json\/wp\/v2\/pages\/3561\/"}],"collection":[{"href":"https:\/\/www.pulledraia.it\/fr\/wp-json\/wp\/v2\/pages\/"}],"about":[{"href":"https:\/\/www.pulledraia.it\/fr\/wp-json\/wp\/v2\/types\/page\/"}],"author":[{"embeddable":true,"href":"https:\/\/www.pulledraia.it\/fr\/wp-json\/wp\/v2\/users\/1\/"}],"replies":[{"embeddable":true,"href":"https:\/\/www.pulledraia.it\/fr\/wp-json\/wp\/v2\/comments\/?post=3561"}],"version-history":[{"count":2,"href":"https:\/\/www.pulledraia.it\/fr\/wp-json\/wp\/v2\/pages\/3561\/revisions\/"}],"predecessor-version":[{"id":3563,"href":"https:\/\/www.pulledraia.it\/fr\/wp-json\/wp\/v2\/pages\/3561\/revisions\/3563\/"}],"wp:featuredmedia":[{"embeddable":true,"href":"https:\/\/www.pulledraia.it\/fr\/wp-json\/wp\/v2\/media\/1234\/"}],"wp:attachment":[{"href":"https:\/\/www.pulledraia.it\/fr\/wp-json\/wp\/v2\/media\/?parent=3561"}],"wp:term":[{"taxonomy":"category","embeddable":true,"href":"https:\/\/www.pulledraia.it\/fr\/wp-json\/wp\/v2\/categories\/?post=3561"},{"taxonomy":"post_tag","embeddable":true,"href":"https:\/\/www.pulledraia.it\/fr\/wp-json\/wp\/v2\/tags\/?post=3561"}],"curies":[{"name":"wp","href":"https:\/\/api.w.org\/{rel}","templated":true}]}}