{"id":3572,"date":"2019-07-01T16:52:40","date_gmt":"2019-07-01T14:52:40","guid":{"rendered":"https:\/\/www.pulledraia.it\/comment-nous-joindre.html"},"modified":"2019-07-01T16:57:18","modified_gmt":"2019-07-01T14:57:18","slug":"comment-nous-joindre","status":"publish","type":"page","link":"https:\/\/www.pulledraia.it\/fr\/comment-nous-joindre\/","title":{"rendered":"Comment nous joindre"},"content":{"rendered":"<p>[vc_row hide_bg_image_on_tablet=&#8221;&#8221; hide_bg_image_on_mobile=&#8221;&#8221;][vc_column][vc_column_text]Le Pulledraia de Podere Montegrappa se trouve dans le sud de la Toscane, Alberese, au bord du Parc R\u00e9gional de la Maremme. Il peut \u00eatre atteint en 1,5 heures et 4,5 heures de Rome \u00e0 Turin et Milan. Lors de la \u00abMolinaccio\u201d de la SS Aurelia, apr\u00e8s la premi\u00e8re sortie \u201cAlberese\u201d suivre la route sur environ 2 km jusqu\u2019\u00e0 Molinaccio les signes de la ferme que vous trouverez situ\u00e9es sur votre gauche.<\/p>\n<p>&nbsp;[\/vc_column_text][\/vc_column][\/vc_row][vc_row][vc_column][vc_gmaps link=&#8221;#E-8_JTNDaWZyYW1lJTIwc3JjJTNEJTIyaHR0cHMlM0ElMkYlMkZ3d3cuZ29vZ2xlLmNvbSUyRm1hcHMlMkZlbWJlZCUzRnBiJTNEJTIxMW0xNCUyMTFtOCUyMTFtMyUyMTFkMjM0NjkuNTQwMTA2MzQ5ODIlMjEyZDExLjExMjA4NyUyMTNkNDIuNjY3ODcxJTIxM20yJTIxMWkxMDI0JTIxMmk3NjglMjE0ZjEzLjElMjEzbTMlMjExbTIlMjExczB4MCUyNTNBMHhlMGZjZGViYmM3NWFmZWZlJTIxMnNBZ3JpdHVyaXNtbyUyQmJpb2xvZ2ljbyUyQmxhJTJCUHVsbGVkcmFpYSUyMTVlMCUyMTNtMiUyMTFzaXQlMjEyc2l0JTIxNHYxNTU4NDQ4MzE5NDQyJTIxNW0yJTIxMXNpdCUyMTJzaXQlMjIlMjB3aWR0aCUzRCUyMjYwMCUyMiUyMGhlaWdodCUzRCUyMjQ1MCUyMiUyMGZyYW1lYm9yZGVyJTNEJTIyMCUyMiUyMHN0eWxlJTNEJTIyYm9yZGVyJTNBMCUyMiUyMGFsbG93ZnVsbHNjcmVlbiUzRSUzQyUyRmlmcmFtZSUzRQ==&#8221;][\/vc_column][\/vc_row]<\/p>\n","protected":false},"excerpt":{"rendered":"<p>[vc_row hide_bg_image_on_tablet=&#8221;&#8221; hide_bg_image_on_mobile=&#8221;&#8221;][vc_column][vc_column_text]Le Pulledraia de Podere Montegrappa se trouve dans le sud de la Toscane, Alberese, au bord du Parc R\u00e9gional de la Maremme. Il peut \u00eatre atteint en 1,5&hellip;<\/p>\n","protected":false},"author":1,"featured_media":1234,"parent":0,"menu_order":0,"comment_status":"closed","ping_status":"closed","template":"","meta":{"ngg_post_thumbnail":0,"footnotes":""},"categories":[],"tags":[],"class_list":["post-3572","page","type-page","status-publish","has-post-thumbnail","hentry"],"_links":{"self":[{"href":"https:\/\/www.pulledraia.it\/fr\/wp-json\/wp\/v2\/pages\/3572\/"}],"collection":[{"href":"https:\/\/www.pulledraia.it\/fr\/wp-json\/wp\/v2\/pages\/"}],"about":[{"href":"https:\/\/www.pulledraia.it\/fr\/wp-json\/wp\/v2\/types\/page\/"}],"author":[{"embeddable":true,"href":"https:\/\/www.pulledraia.it\/fr\/wp-json\/wp\/v2\/users\/1\/"}],"replies":[{"embeddable":true,"href":"https:\/\/www.pulledraia.it\/fr\/wp-json\/wp\/v2\/comments\/?post=3572"}],"version-history":[{"count":3,"href":"https:\/\/www.pulledraia.it\/fr\/wp-json\/wp\/v2\/pages\/3572\/revisions\/"}],"predecessor-version":[{"id":3575,"href":"https:\/\/www.pulledraia.it\/fr\/wp-json\/wp\/v2\/pages\/3572\/revisions\/3575\/"}],"wp:featuredmedia":[{"embeddable":true,"href":"https:\/\/www.pulledraia.it\/fr\/wp-json\/wp\/v2\/media\/1234\/"}],"wp:attachment":[{"href":"https:\/\/www.pulledraia.it\/fr\/wp-json\/wp\/v2\/media\/?parent=3572"}],"wp:term":[{"taxonomy":"category","embeddable":true,"href":"https:\/\/www.pulledraia.it\/fr\/wp-json\/wp\/v2\/categories\/?post=3572"},{"taxonomy":"post_tag","embeddable":true,"href":"https:\/\/www.pulledraia.it\/fr\/wp-json\/wp\/v2\/tags\/?post=3572"}],"curies":[{"name":"wp","href":"https:\/\/api.w.org\/{rel}","templated":true}]}}