{"id":3576,"date":"2019-07-02T10:48:58","date_gmt":"2019-07-02T08:48:58","guid":{"rendered":"https:\/\/www.pulledraia.it\/routes.html"},"modified":"2019-07-02T16:31:23","modified_gmt":"2019-07-02T14:31:23","slug":"vacances-toscane-pays","status":"publish","type":"page","link":"https:\/\/www.pulledraia.it\/fr\/vacances-toscane-pays\/","title":{"rendered":"Activit\u00e9s dans le parc"},"content":{"rendered":"<p>[vc_row hide_bg_image_on_tablet=&#8221;&#8221; hide_bg_image_on_mobile=&#8221;&#8221;][vc_column][vc_column_text]<iframe loading=\"lazy\" style=\"float: left; margin-right: 20px;\" src=\"https:\/\/www.youtube.com\/embed\/1KHKqF1NT0k\" allowfullscreen=\"allowfullscreen\" width=\"560\" height=\"315\" frameborder=\"0\"><span style=\"display: inline-block; width: 0px; overflow: hidden; line-height: 0;\" data-mce-type=\"bookmark\" class=\"mce_SELRES_start\">\ufeff<\/span><\/iframe>Nous nous attendons \u00e0 une multitude d\u2019itin\u00e9raires beaut\u00e9 incroyable et la vari\u00e9t\u00e9 de l\u2019exp\u00e9rience, avec des degr\u00e9s de difficult\u00e9 et la dur\u00e9e. Itin\u00e9raires uniques, avec la possibilit\u00e9 d\u2019\u00eatre accompagn\u00e9 par des guides sp\u00e9cialis\u00e9s pour de nouvelles sensations en toute saison.<\/p>\n<p><em>La serenit\u00e0 \u00e8 la prima sensazione che vi trasmette. E poi il vostro soggiorno potr\u00e0 indirizzarsi verso la scoperta e la conoscenza della storia delle antiche civilt\u00e0 che vi hanno soggiornato millenni orsono oppure potrete immergervi nella selvaggia quiete dei parchi e delle oasi naturali oppure ancora abbinare all\u2019interesse per gli antichi comuni la golosa curiosit\u00e0 per la ricchezza del patrimonio eni-gastronomico.<\/em><\/p>\n<p>Ogni vacanza che farete in Maremma potr\u00e0 avere un tema ed un itinerario differente ed ogni volta potrete scegliervi il tema e l\u2019itinerario che preferite e di cui sentite maggior bisogno.Oltre ai luoghi anche la gente di Maremma contribuisce a queste particolari atmosfere. Aspra ma schietta e gioviale, la gente di maremma vi accompagner\u00e0 nel vostro soggiorno e si dar\u00e0 a voi senza filtri e ipocrisie facendovi sentire da subito a casa, nella casa e nel paese in cui vorreste abitare sempre. Nella nostra sala da pranzo c\u2019\u00e8 una piccola biblioteca con guide turistiche o libri sulle principali attrazioni toscane e maremmane in particolare. Questo materiale \u00e8 stato raccolto e messo a vostra disposizione per darvi spunti e idee per itinerari di uno o pi\u00f9 giorni partendo da La Pulledraia.<\/p>\n<p>Questi itinerari rispondono ad ogni gusto ed esigenza e riassumerli tutti \u00e8 praticamente impossibile. Tuttavia, per darvi alcuni spunti, abbiamo voluto indicarne alcuni che riportiamo di seguito.[\/vc_column_text][vc_empty_space hide_on_desktop=&#8221;&#8221; hide_on_notebook=&#8221;&#8221; hide_on_tablet=&#8221;&#8221; hide_on_mobile=&#8221;&#8221;][\/vc_column][\/vc_row][vc_row][vc_column width=&#8221;1\/3&#8243;][vc_single_image image=&#8221;2285&#8243; img_size=&#8221;300&#215;205&#8243; alignment=&#8221;center&#8221; onclick=&#8221;custom_link&#8221; link=&#8221;https:\/\/pulledraia.it\/fr\/Trekking\/&#8221;][vc_column_text]<\/p>\n<h6 style=\"text-align: center;\"><a href=\"https:\/\/pulledraia.it\/fr\/Trekking\/\">Trekking<\/a><\/h6>\n<p>[\/vc_column_text][\/vc_column][vc_column width=&#8221;1\/3&#8243;][vc_single_image image=&#8221;2289&#8243; img_size=&#8221;300&#215;205&#8243; alignment=&#8221;center&#8221; onclick=&#8221;custom_link&#8221; link=&#8221;https:\/\/pulledraia.it\/fr\/degustation-de-produits-du-parc\/&#8221;][vc_column_text]<\/p>\n<h6 style=\"text-align: center;\"><a href=\"https:\/\/pulledraia.it\/fr\/degustation-de-produits-du-parc\/\">D\u00e9gustation De Produits Du Parc<\/a><\/h6>\n<p>[\/vc_column_text][\/vc_column][vc_column width=&#8221;1\/3&#8243;][vc_single_image image=&#8221;2297&#8243; img_size=&#8221;300&#215;205&#8243; alignment=&#8221;center&#8221; onclick=&#8221;custom_link&#8221; link=&#8221;https:\/\/pulledraia.it\/fr\/excursion-en-carrosse\/&#8221;][vc_column_text]<\/p>\n<h6 style=\"text-align: center;\"><a href=\"https:\/\/pulledraia.it\/fr\/excursion-en-carrosse\/\">Excursion En Carrosse<\/a><\/h6>\n<p>&nbsp;[\/vc_column_text][\/vc_column][\/vc_row][vc_row css=&#8221;.vc_custom_1558515397076{margin-top: 30px !important;}&#8221;][vc_column width=&#8221;1\/3&#8243;][vc_single_image image=&#8221;2317&#8243; img_size=&#8221;300&#215;205&#8243; alignment=&#8221;center&#8221; onclick=&#8221;custom_link&#8221; link=&#8221;https:\/\/pulledraia.it\/fr\/excursion-cheval\/&#8221;][vc_column_text]<\/p>\n<h6 style=\"text-align: center;\"><a href=\"https:\/\/pulledraia.it\/fr\/excursion-cheval\/\">Excursion \u00c0 Cheval<\/a><\/h6>\n<p>[\/vc_column_text][\/vc_column][vc_column width=&#8221;1\/3&#8243;][vc_single_image image=&#8221;2305&#8243; img_size=&#8221;300&#215;205&#8243; alignment=&#8221;center&#8221; onclick=&#8221;custom_link&#8221; link=&#8221;https:\/\/www.pulledraia.it\/fr\/excursion-en-canoe\/&#8221;][vc_column_text]<\/p>\n<h6 style=\"text-align: center;\"><a href=\"https:\/\/www.pulledraia.it\/fr\/excursion-en-canoe\/\">Excursion En Cano\u00eb<\/a><\/h6>\n<p>[\/vc_column_text][\/vc_column][vc_column width=&#8221;1\/3&#8243;][vc_single_image image=&#8221;2281&#8243; img_size=&#8221;300&#215;205&#8243; alignment=&#8221;center&#8221; onclick=&#8221;custom_link&#8221; link=&#8221;https:\/\/pulledraia.it\/fr\/location-de-velo\/&#8221;][vc_column_text]<\/p>\n<h6 style=\"text-align: center;\"><a href=\"https:\/\/pulledraia.it\/fr\/location-de-velo\/\">Location De V\u00e9lo<\/a><\/h6>\n<p>[\/vc_column_text][\/vc_column][\/vc_row][vc_row css=&#8221;.vc_custom_1558515435691{margin-top: 30px !important;}&#8221;][vc_column width=&#8221;1\/3&#8243;][vc_single_image image=&#8221;2313&#8243; img_size=&#8221;300&#215;205&#8243; alignment=&#8221;center&#8221; onclick=&#8221;custom_link&#8221; link=&#8221;https:\/\/pulledraia.it\/fr\/immersions-sous-marines\/&#8221;][vc_column_text]<\/p>\n<h6 style=\"text-align: center;\"><a href=\"https:\/\/pulledraia.it\/fr\/immersions-sous-marines\/\">Immersions sous-marines<\/a><\/h6>\n<p>[\/vc_column_text][\/vc_column][vc_column width=&#8221;1\/3&#8243;][vc_single_image image=&#8221;2301&#8243; img_size=&#8221;300&#215;205&#8243; alignment=&#8221;center&#8221; onclick=&#8221;custom_link&#8221; link=&#8221;https:\/\/pulledraia.it\/fr\/tourisme-peche&#8221;][vc_column_text]<\/p>\n<h6 style=\"text-align: center;\"><a href=\"https:\/\/pulledraia.it\/fr\/tourisme-peche\">Tourisme p\u00eache<\/a><\/h6>\n<p>[\/vc_column_text][\/vc_column][vc_column width=&#8221;1\/3&#8243;][\/vc_column][\/vc_row]<\/p>\n","protected":false},"excerpt":{"rendered":"<p>[vc_row hide_bg_image_on_tablet=&#8221;&#8221; hide_bg_image_on_mobile=&#8221;&#8221;][vc_column][vc_column_text]\ufeffNous nous attendons \u00e0 une multitude d\u2019itin\u00e9raires beaut\u00e9 incroyable et la vari\u00e9t\u00e9 de l\u2019exp\u00e9rience, avec des degr\u00e9s de difficult\u00e9 et la dur\u00e9e. Itin\u00e9raires uniques, avec la possibilit\u00e9 d\u2019\u00eatre&hellip;<\/p>\n","protected":false},"author":1,"featured_media":1234,"parent":0,"menu_order":0,"comment_status":"closed","ping_status":"closed","template":"","meta":{"ngg_post_thumbnail":0,"footnotes":""},"categories":[],"tags":[],"class_list":["post-3576","page","type-page","status-publish","has-post-thumbnail","hentry"],"_links":{"self":[{"href":"https:\/\/www.pulledraia.it\/fr\/wp-json\/wp\/v2\/pages\/3576\/"}],"collection":[{"href":"https:\/\/www.pulledraia.it\/fr\/wp-json\/wp\/v2\/pages\/"}],"about":[{"href":"https:\/\/www.pulledraia.it\/fr\/wp-json\/wp\/v2\/types\/page\/"}],"author":[{"embeddable":true,"href":"https:\/\/www.pulledraia.it\/fr\/wp-json\/wp\/v2\/users\/1\/"}],"replies":[{"embeddable":true,"href":"https:\/\/www.pulledraia.it\/fr\/wp-json\/wp\/v2\/comments\/?post=3576"}],"version-history":[{"count":10,"href":"https:\/\/www.pulledraia.it\/fr\/wp-json\/wp\/v2\/pages\/3576\/revisions\/"}],"predecessor-version":[{"id":3725,"href":"https:\/\/www.pulledraia.it\/fr\/wp-json\/wp\/v2\/pages\/3576\/revisions\/3725\/"}],"wp:featuredmedia":[{"embeddable":true,"href":"https:\/\/www.pulledraia.it\/fr\/wp-json\/wp\/v2\/media\/1234\/"}],"wp:attachment":[{"href":"https:\/\/www.pulledraia.it\/fr\/wp-json\/wp\/v2\/media\/?parent=3576"}],"wp:term":[{"taxonomy":"category","embeddable":true,"href":"https:\/\/www.pulledraia.it\/fr\/wp-json\/wp\/v2\/categories\/?post=3576"},{"taxonomy":"post_tag","embeddable":true,"href":"https:\/\/www.pulledraia.it\/fr\/wp-json\/wp\/v2\/tags\/?post=3576"}],"curies":[{"name":"wp","href":"https:\/\/api.w.org\/{rel}","templated":true}]}}