{"id":3593,"date":"2019-07-02T11:24:39","date_gmt":"2019-07-02T09:24:39","guid":{"rendered":"https:\/\/www.pulledraia.it\/vin-et-liqueurs\/"},"modified":"2019-07-02T11:26:05","modified_gmt":"2019-07-02T09:26:05","slug":"vin-et-liqueurs","status":"publish","type":"page","link":"https:\/\/www.pulledraia.it\/fr\/vin-et-liqueurs\/","title":{"rendered":"Vin et liqueurs"},"content":{"rendered":"<p>[vc_row hide_bg_image_on_tablet=&#8221;&#8221; hide_bg_image_on_mobile=&#8221;&#8221;][vc_column width=&#8221;1\/3&#8243;][vc_single_image image=&#8221;1575&#8243; img_size=&#8221;300&#215;2005&#8243; alignment=&#8221;center&#8221; onclick=&#8221;link_image&#8221;][\/vc_column][vc_column width=&#8221;2\/3&#8243;][vc_column_text]Avec le raisin, nous faisons le VIN. Avec les olives, nous pr\u00e9parons notre huile y compris dans une version piquante (avec quelques piments). Avec les c\u00e9r\u00e9ales,nous produisons de la farine pour notre p\u00e2te, les desserts, les tartes sal\u00e9es, les soupes. Nous utilisons les l\u00e9gumes pour pr\u00e9parer des soupes et des plats traditionnels. Nous utilisons des fruits secs, des pignons et des noix pour confectionner des desserts et des liqueurs traditionnelles : le Nocino.[\/vc_column_text][\/vc_column][\/vc_row][vc_row hide_bg_image_on_tablet=&#8221;&#8221; hide_bg_image_on_mobile=&#8221;&#8221;][vc_column][vc_custom_heading text=&#8221;Semblable \u00e0 cela&#8221; font_container=&#8221;tag:h5|text_align:center&#8221;][vc_basic_grid post_type=&#8221;page&#8221; max_items=&#8221;6&#8243; style=&#8221;load-more&#8221; items_per_page=&#8221;6&#8243; element_width=&#8221;2&#8243; item=&#8221;basicGrid_SlideBottomWithIcon&#8221; btn_align=&#8221;center&#8221; grid_id=&#8221;vc_gid:1562059530453-3f5314a7-88c2-1&#8243; exclude=&#8221;1608, 1670&#8243; taxonomies=&#8221;86&#8243;][\/vc_column][\/vc_row]<\/p>\n","protected":false},"excerpt":{"rendered":"<p>[vc_row hide_bg_image_on_tablet=&#8221;&#8221; hide_bg_image_on_mobile=&#8221;&#8221;][vc_column width=&#8221;1\/3&#8243;][vc_single_image image=&#8221;1575&#8243; img_size=&#8221;300&#215;2005&#8243; alignment=&#8221;center&#8221; onclick=&#8221;link_image&#8221;][\/vc_column][vc_column width=&#8221;2\/3&#8243;][vc_column_text]Avec le raisin, nous faisons le VIN. Avec les olives, nous pr\u00e9parons notre huile y compris dans une version piquante (avec quelques&hellip;<\/p>\n","protected":false},"author":1,"featured_media":1575,"parent":0,"menu_order":0,"comment_status":"closed","ping_status":"closed","template":"","meta":{"ngg_post_thumbnail":0,"footnotes":""},"categories":[86],"tags":[],"class_list":["post-3593","page","type-page","status-publish","has-post-thumbnail","hentry","category-produits"],"_links":{"self":[{"href":"https:\/\/www.pulledraia.it\/fr\/wp-json\/wp\/v2\/pages\/3593\/"}],"collection":[{"href":"https:\/\/www.pulledraia.it\/fr\/wp-json\/wp\/v2\/pages\/"}],"about":[{"href":"https:\/\/www.pulledraia.it\/fr\/wp-json\/wp\/v2\/types\/page\/"}],"author":[{"embeddable":true,"href":"https:\/\/www.pulledraia.it\/fr\/wp-json\/wp\/v2\/users\/1\/"}],"replies":[{"embeddable":true,"href":"https:\/\/www.pulledraia.it\/fr\/wp-json\/wp\/v2\/comments\/?post=3593"}],"version-history":[{"count":3,"href":"https:\/\/www.pulledraia.it\/fr\/wp-json\/wp\/v2\/pages\/3593\/revisions\/"}],"predecessor-version":[{"id":3596,"href":"https:\/\/www.pulledraia.it\/fr\/wp-json\/wp\/v2\/pages\/3593\/revisions\/3596\/"}],"wp:featuredmedia":[{"embeddable":true,"href":"https:\/\/www.pulledraia.it\/fr\/wp-json\/wp\/v2\/media\/1575\/"}],"wp:attachment":[{"href":"https:\/\/www.pulledraia.it\/fr\/wp-json\/wp\/v2\/media\/?parent=3593"}],"wp:term":[{"taxonomy":"category","embeddable":true,"href":"https:\/\/www.pulledraia.it\/fr\/wp-json\/wp\/v2\/categories\/?post=3593"},{"taxonomy":"post_tag","embeddable":true,"href":"https:\/\/www.pulledraia.it\/fr\/wp-json\/wp\/v2\/tags\/?post=3593"}],"curies":[{"name":"wp","href":"https:\/\/api.w.org\/{rel}","templated":true}]}}