{"id":3627,"date":"2019-07-02T12:11:08","date_gmt":"2019-07-02T10:11:08","guid":{"rendered":"https:\/\/www.pulledraia.it\/ombrone\/"},"modified":"2019-07-02T12:13:04","modified_gmt":"2019-07-02T10:13:04","slug":"ombrone","status":"publish","type":"page","link":"https:\/\/www.pulledraia.it\/fr\/ombrone\/","title":{"rendered":"Ombrone"},"content":{"rendered":"<p>[vc_row hide_bg_image_on_tablet=&#8221;&#8221; hide_bg_image_on_mobile=&#8221;&#8221;][vc_column][vc_tta_tabs style=&#8221;modern&#8221; shape=&#8221;square&#8221; color=&#8221;white&#8221; active_section=&#8221;1&#8243;][vc_tta_section title=&#8221;Informations&#8221; tab_id=&#8221;1558429399545-5f72db18-c3ce&#8221;][vc_column_text]La chambre est int\u00e9gr\u00e9es dans la structure pr\u00e9existante de la ferme. La chambre a une dimension de 20 m\u00b2 et peut accueillir au maximum un lit suppl\u00e9mentaire.<br \/>\nLa chambre est dot\u00e9 d\u2019une entr\u00e9e autonome, salle de bains et de l\u2019air conditionn\u00e9.[\/vc_column_text][\/vc_tta_section][vc_tta_section title=&#8221;Plan d&#8217;\u00e9tage&#8221; tab_id=&#8221;1558429399636-e95d5e38-a5e6&#8243;][vc_single_image image=&#8221;2076&#8243; img_size=&#8221;full&#8221;][\/vc_tta_section][\/vc_tta_tabs][\/vc_column][\/vc_row][vc_row][vc_column width=&#8221;1\/3&#8243;][vc_single_image image=&#8221;2032&#8243; img_size=&#8221;300&#215;205&#8243; alignment=&#8221;center&#8221; onclick=&#8221;link_image&#8221;][\/vc_column][vc_column width=&#8221;1\/3&#8243;][vc_single_image image=&#8221;2036&#8243; img_size=&#8221;300&#215;205&#8243; alignment=&#8221;center&#8221; onclick=&#8221;link_image&#8221;][\/vc_column][vc_column width=&#8221;1\/3&#8243;][vc_single_image image=&#8221;2040&#8243; img_size=&#8221;300&#215;205&#8243; alignment=&#8221;center&#8221; onclick=&#8221;link_image&#8221;][\/vc_column][\/vc_row][vc_row][vc_column width=&#8221;1\/3&#8243;][vc_single_image image=&#8221;2044&#8243; img_size=&#8221;300&#215;205&#8243; alignment=&#8221;center&#8221; onclick=&#8221;link_image&#8221;][\/vc_column][vc_column width=&#8221;1\/3&#8243;][vc_single_image image=&#8221;2048&#8243; img_size=&#8221;300&#215;205&#8243; alignment=&#8221;center&#8221; onclick=&#8221;link_image&#8221;][\/vc_column][vc_column width=&#8221;1\/3&#8243;][vc_single_image image=&#8221;2052&#8243; img_size=&#8221;300&#215;205&#8243; alignment=&#8221;center&#8221; onclick=&#8221;link_image&#8221;][\/vc_column][\/vc_row][vc_row][vc_column width=&#8221;1\/3&#8243;][vc_single_image image=&#8221;2056&#8243; img_size=&#8221;300&#215;205&#8243; alignment=&#8221;center&#8221; onclick=&#8221;link_image&#8221;][\/vc_column][vc_column width=&#8221;1\/3&#8243;][vc_single_image image=&#8221;2060&#8243; img_size=&#8221;300&#215;205&#8243; alignment=&#8221;center&#8221; onclick=&#8221;link_image&#8221;][\/vc_column][vc_column width=&#8221;1\/3&#8243;][vc_single_image image=&#8221;2064&#8243; img_size=&#8221;300&#215;205&#8243; alignment=&#8221;center&#8221; onclick=&#8221;link_image&#8221;][\/vc_column][\/vc_row][vc_row css=&#8221;.vc_custom_1558430442357{margin-top: 20px !important;}&#8221;][vc_column width=&#8221;1\/3&#8243;][vc_single_image image=&#8221;2068&#8243; img_size=&#8221;300&#215;205&#8243; alignment=&#8221;center&#8221; onclick=&#8221;link_image&#8221;][\/vc_column][vc_column width=&#8221;1\/3&#8243;][vc_single_image image=&#8221;2072&#8243; img_size=&#8221;300&#215;205&#8243; alignment=&#8221;center&#8221; onclick=&#8221;link_image&#8221;][\/vc_column][vc_column width=&#8221;1\/3&#8243;][\/vc_column][\/vc_row][vc_row][vc_column][vc_custom_heading text=&#8221;Semblable \u00e0 cela&#8221; font_container=&#8221;tag:h5|text_align:center&#8221;][vc_basic_grid post_type=&#8221;page&#8221; max_items=&#8221;6&#8243; element_width=&#8221;2&#8243; item=&#8221;basicGrid_SlideBottomWithIcon&#8221; grid_id=&#8221;vc_gid:1562062321233-539bffb2-eb1c-7&#8243; taxonomies=&#8221;88&#8243;][\/vc_column][\/vc_row]<\/p>\n","protected":false},"excerpt":{"rendered":"<p>[vc_row hide_bg_image_on_tablet=&#8221;&#8221; hide_bg_image_on_mobile=&#8221;&#8221;][vc_column][vc_tta_tabs style=&#8221;modern&#8221; shape=&#8221;square&#8221; color=&#8221;white&#8221; active_section=&#8221;1&#8243;][vc_tta_section title=&#8221;Informations&#8221; tab_id=&#8221;1558429399545-5f72db18-c3ce&#8221;][vc_column_text]La chambre est int\u00e9gr\u00e9es dans la structure pr\u00e9existante de la ferme. La chambre a une dimension de 20 m\u00b2 et peut accueillir&hellip;<\/p>\n","protected":false},"author":1,"featured_media":2040,"parent":0,"menu_order":0,"comment_status":"closed","ping_status":"closed","template":"","meta":{"ngg_post_thumbnail":0,"footnotes":""},"categories":[88],"tags":[],"class_list":["post-3627","page","type-page","status-publish","has-post-thumbnail","hentry","category-chambres"],"_links":{"self":[{"href":"https:\/\/www.pulledraia.it\/fr\/wp-json\/wp\/v2\/pages\/3627\/"}],"collection":[{"href":"https:\/\/www.pulledraia.it\/fr\/wp-json\/wp\/v2\/pages\/"}],"about":[{"href":"https:\/\/www.pulledraia.it\/fr\/wp-json\/wp\/v2\/types\/page\/"}],"author":[{"embeddable":true,"href":"https:\/\/www.pulledraia.it\/fr\/wp-json\/wp\/v2\/users\/1\/"}],"replies":[{"embeddable":true,"href":"https:\/\/www.pulledraia.it\/fr\/wp-json\/wp\/v2\/comments\/?post=3627"}],"version-history":[{"count":3,"href":"https:\/\/www.pulledraia.it\/fr\/wp-json\/wp\/v2\/pages\/3627\/revisions\/"}],"predecessor-version":[{"id":3630,"href":"https:\/\/www.pulledraia.it\/fr\/wp-json\/wp\/v2\/pages\/3627\/revisions\/3630\/"}],"wp:featuredmedia":[{"embeddable":true,"href":"https:\/\/www.pulledraia.it\/fr\/wp-json\/wp\/v2\/media\/2040\/"}],"wp:attachment":[{"href":"https:\/\/www.pulledraia.it\/fr\/wp-json\/wp\/v2\/media\/?parent=3627"}],"wp:term":[{"taxonomy":"category","embeddable":true,"href":"https:\/\/www.pulledraia.it\/fr\/wp-json\/wp\/v2\/categories\/?post=3627"},{"taxonomy":"post_tag","embeddable":true,"href":"https:\/\/www.pulledraia.it\/fr\/wp-json\/wp\/v2\/tags\/?post=3627"}],"curies":[{"name":"wp","href":"https:\/\/api.w.org\/{rel}","templated":true}]}}