{"id":3631,"date":"2019-07-02T12:17:34","date_gmt":"2019-07-02T10:17:34","guid":{"rendered":"https:\/\/www.pulledraia.it\/briganti\/"},"modified":"2019-07-02T12:19:05","modified_gmt":"2019-07-02T10:19:05","slug":"briganti","status":"publish","type":"page","link":"https:\/\/www.pulledraia.it\/fr\/briganti\/","title":{"rendered":"Briganti"},"content":{"rendered":"<p>[vc_row hide_bg_image_on_tablet=&#8221;&#8221; hide_bg_image_on_mobile=&#8221;&#8221;][vc_column][vc_tta_tabs style=&#8221;modern&#8221; shape=&#8221;square&#8221; color=&#8221;white&#8221; active_section=&#8221;1&#8243;][vc_tta_section title=&#8221;Informations&#8221; tab_id=&#8221;1558429399545-5f72db18-c3ce&#8221;][vc_column_text]La chambre est situ\u00e9 dans la ferme d\u2019origine. A une taille d\u2019environ 22 m\u00e8tres carr\u00e9s et vous permet de prendre jusqu\u2019\u00e0 deux lits d\u2019appoint ce qui la rend id\u00e9ale pour les familles avec 2 enfants. La chambre a une entr\u00e9e priv\u00e9e, salle de bains et de la climatisation.[\/vc_column_text][\/vc_tta_section][vc_tta_section title=&#8221;Plan d&#8217;\u00e9tage&#8221; tab_id=&#8221;1558429399636-e95d5e38-a5e6&#8243;][vc_single_image image=&#8221;2112&#8243; img_size=&#8221;full&#8221;][\/vc_tta_section][\/vc_tta_tabs][\/vc_column][\/vc_row][vc_row][vc_column width=&#8221;1\/3&#8243;][vc_single_image image=&#8221;2108&#8243; img_size=&#8221;300&#215;205&#8243; alignment=&#8221;center&#8221; onclick=&#8221;link_image&#8221;][\/vc_column][vc_column width=&#8221;1\/3&#8243;][vc_single_image image=&#8221;2088&#8243; img_size=&#8221;300&#215;205&#8243; alignment=&#8221;center&#8221; onclick=&#8221;link_image&#8221;][\/vc_column][vc_column width=&#8221;1\/3&#8243;][vc_single_image image=&#8221;2096&#8243; img_size=&#8221;300&#215;205&#8243; alignment=&#8221;center&#8221; onclick=&#8221;link_image&#8221;][\/vc_column][\/vc_row][vc_row css=&#8221;.vc_custom_1558443004811{margin-top: 20px !important;}&#8221;][vc_column width=&#8221;1\/3&#8243;][vc_single_image image=&#8221;2092&#8243; img_size=&#8221;300&#215;205&#8243; alignment=&#8221;center&#8221; onclick=&#8221;link_image&#8221;][\/vc_column][vc_column width=&#8221;1\/3&#8243;][vc_single_image image=&#8221;2100&#8243; img_size=&#8221;300&#215;205&#8243; alignment=&#8221;center&#8221; onclick=&#8221;link_image&#8221;][\/vc_column][vc_column width=&#8221;1\/3&#8243;][vc_single_image image=&#8221;2104&#8243; img_size=&#8221;300&#215;205&#8243; alignment=&#8221;center&#8221; onclick=&#8221;link_image&#8221;][\/vc_column][\/vc_row][vc_row css=&#8221;.vc_custom_1558430442357{margin-top: 20px !important;}&#8221;][vc_column width=&#8221;1\/3&#8243;][vc_single_image image=&#8221;2084&#8243; img_size=&#8221;300&#215;205&#8243; alignment=&#8221;center&#8221; onclick=&#8221;link_image&#8221;][\/vc_column][vc_column width=&#8221;1\/3&#8243;][\/vc_column][vc_column width=&#8221;1\/3&#8243;][\/vc_column][\/vc_row][vc_row][vc_column][vc_custom_heading text=&#8221;Semblable \u00e0 cela&#8221; font_container=&#8221;tag:h5|text_align:center&#8221;][vc_basic_grid post_type=&#8221;page&#8221; max_items=&#8221;6&#8243; element_width=&#8221;2&#8243; item=&#8221;basicGrid_SlideBottomWithIcon&#8221; grid_id=&#8221;vc_gid:1562062701421-51fe5254-e7d4-3&#8243; taxonomies=&#8221;91&#8243;][\/vc_column][\/vc_row]<\/p>\n","protected":false},"excerpt":{"rendered":"<p>[vc_row hide_bg_image_on_tablet=&#8221;&#8221; hide_bg_image_on_mobile=&#8221;&#8221;][vc_column][vc_tta_tabs style=&#8221;modern&#8221; shape=&#8221;square&#8221; color=&#8221;white&#8221; active_section=&#8221;1&#8243;][vc_tta_section title=&#8221;Informations&#8221; tab_id=&#8221;1558429399545-5f72db18-c3ce&#8221;][vc_column_text]La chambre est situ\u00e9 dans la ferme d\u2019origine. A une taille d\u2019environ 22 m\u00e8tres carr\u00e9s et vous permet de prendre jusqu\u2019\u00e0 deux&hellip;<\/p>\n","protected":false},"author":1,"featured_media":2088,"parent":0,"menu_order":0,"comment_status":"closed","ping_status":"closed","template":"","meta":{"ngg_post_thumbnail":0,"footnotes":""},"categories":[91,92],"tags":[],"class_list":["post-3631","page","type-page","status-publish","has-post-thumbnail","hentry","category-chambres-2","category-produits-2-fr"],"_links":{"self":[{"href":"https:\/\/www.pulledraia.it\/fr\/wp-json\/wp\/v2\/pages\/3631\/"}],"collection":[{"href":"https:\/\/www.pulledraia.it\/fr\/wp-json\/wp\/v2\/pages\/"}],"about":[{"href":"https:\/\/www.pulledraia.it\/fr\/wp-json\/wp\/v2\/types\/page\/"}],"author":[{"embeddable":true,"href":"https:\/\/www.pulledraia.it\/fr\/wp-json\/wp\/v2\/users\/1\/"}],"replies":[{"embeddable":true,"href":"https:\/\/www.pulledraia.it\/fr\/wp-json\/wp\/v2\/comments\/?post=3631"}],"version-history":[{"count":3,"href":"https:\/\/www.pulledraia.it\/fr\/wp-json\/wp\/v2\/pages\/3631\/revisions\/"}],"predecessor-version":[{"id":3634,"href":"https:\/\/www.pulledraia.it\/fr\/wp-json\/wp\/v2\/pages\/3631\/revisions\/3634\/"}],"wp:featuredmedia":[{"embeddable":true,"href":"https:\/\/www.pulledraia.it\/fr\/wp-json\/wp\/v2\/media\/2088\/"}],"wp:attachment":[{"href":"https:\/\/www.pulledraia.it\/fr\/wp-json\/wp\/v2\/media\/?parent=3631"}],"wp:term":[{"taxonomy":"category","embeddable":true,"href":"https:\/\/www.pulledraia.it\/fr\/wp-json\/wp\/v2\/categories\/?post=3631"},{"taxonomy":"post_tag","embeddable":true,"href":"https:\/\/www.pulledraia.it\/fr\/wp-json\/wp\/v2\/tags\/?post=3631"}],"curies":[{"name":"wp","href":"https:\/\/api.w.org\/{rel}","templated":true}]}}