{"id":3659,"date":"2019-07-02T14:20:36","date_gmt":"2019-07-02T12:20:36","guid":{"rendered":"https:\/\/www.pulledraia.it\/activites-dans-le-parc\/"},"modified":"2019-07-02T14:23:29","modified_gmt":"2019-07-02T12:23:29","slug":"degustation-de-produits-du-parc","status":"publish","type":"page","link":"https:\/\/www.pulledraia.it\/fr\/degustation-de-produits-du-parc\/","title":{"rendered":"D\u00e9gustation De Produits Du Parc"},"content":{"rendered":"<p>[vc_row hide_bg_image_on_tablet=&#8221;&#8221; hide_bg_image_on_mobile=&#8221;&#8221;][vc_column width=&#8221;1\/3&#8243;][vc_single_image image=&#8221;2596&#8243; img_size=&#8221;300&#215;205&#8243; onclick=&#8221;link_image&#8221;][\/vc_column][vc_column width=&#8221;2\/3&#8243;][vc_column_text]Le terrain du parc, si riche en charme et en suggestions, est le lieu de nombreux producteurs de v\u00e9ritables go\u00fbts exquis. De la charcuterie aux fromages, du vin \u00e0 l\u2019huile d\u2019olive vierge extra, des confitures aux conserves, du miel \u00e0 la bi\u00e8re, il n\u2019y a que l\u2019embarras du choix. Apr\u00e8s avoir assouvi la vue et l\u2019odorat avec les paysages et les odeurs du parc, ne manquez pas de satisfaire aussi le go\u00fbt avec les saveurs authentiques et naturelles de cette terre. Les d\u00e9gustations sont gratuites pour nos clients.<br \/>\nR\u00e9duction de 10% sur tous les articles du magasin[\/vc_column_text][\/vc_column][\/vc_row][vc_row][vc_column][vc_custom_heading text=&#8221;Associ\u00e9&#8221; font_container=&#8221;tag:h5|text_align:center&#8221;][vc_basic_grid post_type=&#8221;page&#8221; max_items=&#8221;6&#8243; element_width=&#8221;2&#8243; item=&#8221;basicGrid_SlideBottomWithIcon&#8221; grid_id=&#8221;vc_gid:1562070163111-256c92b8-c879-5&#8243; taxonomies=&#8221;56&#8243;][\/vc_column][\/vc_row]<\/p>\n","protected":false},"excerpt":{"rendered":"<p>[vc_row hide_bg_image_on_tablet=&#8221;&#8221; hide_bg_image_on_mobile=&#8221;&#8221;][vc_column width=&#8221;1\/3&#8243;][vc_single_image image=&#8221;2596&#8243; img_size=&#8221;300&#215;205&#8243; onclick=&#8221;link_image&#8221;][\/vc_column][vc_column width=&#8221;2\/3&#8243;][vc_column_text]Le terrain du parc, si riche en charme et en suggestions, est le lieu de nombreux producteurs de v\u00e9ritables go\u00fbts exquis. De la&hellip;<\/p>\n","protected":false},"author":1,"featured_media":2579,"parent":0,"menu_order":0,"comment_status":"closed","ping_status":"closed","template":"","meta":{"ngg_post_thumbnail":0,"footnotes":""},"categories":[93],"tags":[],"class_list":["post-3659","page","type-page","status-publish","has-post-thumbnail","hentry","category-activite"],"_links":{"self":[{"href":"https:\/\/www.pulledraia.it\/fr\/wp-json\/wp\/v2\/pages\/3659\/"}],"collection":[{"href":"https:\/\/www.pulledraia.it\/fr\/wp-json\/wp\/v2\/pages\/"}],"about":[{"href":"https:\/\/www.pulledraia.it\/fr\/wp-json\/wp\/v2\/types\/page\/"}],"author":[{"embeddable":true,"href":"https:\/\/www.pulledraia.it\/fr\/wp-json\/wp\/v2\/users\/1\/"}],"replies":[{"embeddable":true,"href":"https:\/\/www.pulledraia.it\/fr\/wp-json\/wp\/v2\/comments\/?post=3659"}],"version-history":[{"count":6,"href":"https:\/\/www.pulledraia.it\/fr\/wp-json\/wp\/v2\/pages\/3659\/revisions\/"}],"predecessor-version":[{"id":3665,"href":"https:\/\/www.pulledraia.it\/fr\/wp-json\/wp\/v2\/pages\/3659\/revisions\/3665\/"}],"wp:featuredmedia":[{"embeddable":true,"href":"https:\/\/www.pulledraia.it\/fr\/wp-json\/wp\/v2\/media\/2579\/"}],"wp:attachment":[{"href":"https:\/\/www.pulledraia.it\/fr\/wp-json\/wp\/v2\/media\/?parent=3659"}],"wp:term":[{"taxonomy":"category","embeddable":true,"href":"https:\/\/www.pulledraia.it\/fr\/wp-json\/wp\/v2\/categories\/?post=3659"},{"taxonomy":"post_tag","embeddable":true,"href":"https:\/\/www.pulledraia.it\/fr\/wp-json\/wp\/v2\/tags\/?post=3659"}],"curies":[{"name":"wp","href":"https:\/\/api.w.org\/{rel}","templated":true}]}}