{"id":3666,"date":"2019-07-02T14:25:21","date_gmt":"2019-07-02T12:25:21","guid":{"rendered":"https:\/\/www.pulledraia.it\/excursion-en-carrosse\/"},"modified":"2019-07-02T14:26:53","modified_gmt":"2019-07-02T12:26:53","slug":"excursion-en-carrosse","status":"publish","type":"page","link":"https:\/\/www.pulledraia.it\/fr\/excursion-en-carrosse\/","title":{"rendered":"Excursion En Carrosse"},"content":{"rendered":"<p>[vc_row hide_bg_image_on_tablet=&#8221;&#8221; hide_bg_image_on_mobile=&#8221;&#8221;][vc_column width=&#8221;1\/3&#8243;][vc_single_image image=&#8221;2606&#8243; img_size=&#8221;300&#215;205&#8243; onclick=&#8221;link_image&#8221;][\/vc_column][vc_column width=&#8221;2\/3&#8243;][vc_column_text]L\u2019excursion en carrosse dans le parc fait parti des exp\u00e9riences qui mettent d\u2019accord les adultes et les enfants. En carrosse, beaucoup d\u2019endroits fascinants du Parc Naturel de la Maremme sont accessibles comme la Pineta Granducale, le lieu des grottes et la plage de Collelungo. Durant le trajet, de jour comme de nuit, on peut rencontrer de magnifiques exemplaires de daims et sangliers et, avec un peu de chance, tous les gibiers plus petits de la v\u00e9g\u00e9tation m\u00e9diterran\u00e9enne.[\/vc_column_text][\/vc_column][\/vc_row][vc_row][vc_column][vc_custom_heading text=&#8221;Associ\u00e9&#8221; font_container=&#8221;tag:h5|text_align:center&#8221;][vc_basic_grid post_type=&#8221;page&#8221; max_items=&#8221;6&#8243; element_width=&#8221;2&#8243; item=&#8221;basicGrid_SlideBottomWithIcon&#8221; grid_id=&#8221;vc_gid:1558603924762-98867a57-b21e-6&#8243; taxonomies=&#8221;56&#8243;][\/vc_column][\/vc_row]<\/p>\n","protected":false},"excerpt":{"rendered":"<p>[vc_row hide_bg_image_on_tablet=&#8221;&#8221; hide_bg_image_on_mobile=&#8221;&#8221;][vc_column width=&#8221;1\/3&#8243;][vc_single_image image=&#8221;2606&#8243; img_size=&#8221;300&#215;205&#8243; onclick=&#8221;link_image&#8221;][\/vc_column][vc_column width=&#8221;2\/3&#8243;][vc_column_text]L\u2019excursion en carrosse dans le parc fait parti des exp\u00e9riences qui mettent d\u2019accord les adultes et les enfants. En carrosse, beaucoup d\u2019endroits fascinants&hellip;<\/p>\n","protected":false},"author":1,"featured_media":2586,"parent":0,"menu_order":0,"comment_status":"closed","ping_status":"closed","template":"","meta":{"ngg_post_thumbnail":0,"footnotes":""},"categories":[93],"tags":[],"class_list":["post-3666","page","type-page","status-publish","has-post-thumbnail","hentry","category-activite"],"_links":{"self":[{"href":"https:\/\/www.pulledraia.it\/fr\/wp-json\/wp\/v2\/pages\/3666\/"}],"collection":[{"href":"https:\/\/www.pulledraia.it\/fr\/wp-json\/wp\/v2\/pages\/"}],"about":[{"href":"https:\/\/www.pulledraia.it\/fr\/wp-json\/wp\/v2\/types\/page\/"}],"author":[{"embeddable":true,"href":"https:\/\/www.pulledraia.it\/fr\/wp-json\/wp\/v2\/users\/1\/"}],"replies":[{"embeddable":true,"href":"https:\/\/www.pulledraia.it\/fr\/wp-json\/wp\/v2\/comments\/?post=3666"}],"version-history":[{"count":2,"href":"https:\/\/www.pulledraia.it\/fr\/wp-json\/wp\/v2\/pages\/3666\/revisions\/"}],"predecessor-version":[{"id":3668,"href":"https:\/\/www.pulledraia.it\/fr\/wp-json\/wp\/v2\/pages\/3666\/revisions\/3668\/"}],"wp:featuredmedia":[{"embeddable":true,"href":"https:\/\/www.pulledraia.it\/fr\/wp-json\/wp\/v2\/media\/2586\/"}],"wp:attachment":[{"href":"https:\/\/www.pulledraia.it\/fr\/wp-json\/wp\/v2\/media\/?parent=3666"}],"wp:term":[{"taxonomy":"category","embeddable":true,"href":"https:\/\/www.pulledraia.it\/fr\/wp-json\/wp\/v2\/categories\/?post=3666"},{"taxonomy":"post_tag","embeddable":true,"href":"https:\/\/www.pulledraia.it\/fr\/wp-json\/wp\/v2\/tags\/?post=3666"}],"curies":[{"name":"wp","href":"https:\/\/api.w.org\/{rel}","templated":true}]}}